{"id":1525,"date":"2023-12-29T10:51:46","date_gmt":"2023-12-29T10:51:46","guid":{"rendered":"https:\/\/brunellis.com\/?page_id=1525"},"modified":"2023-12-29T12:34:25","modified_gmt":"2023-12-29T12:34:25","slug":"new-years-eve-menu","status":"publish","type":"page","link":"https:\/\/brunellis.com\/en\/new-years-eve-menu\/","title":{"rendered":"New Year&#8217;s Eve Menu"},"content":{"rendered":"<p><img fetchpriority=\"high\" decoding=\"async\" class=\"aligncenter wp-image-1526 size-full\" src=\"https:\/\/brunellis.com\/app\/uploads\/2023\/12\/Menu_NocheV_EN.png\" alt=\"\" width=\"959\" height=\"1200\" srcset=\"https:\/\/brunellis.com\/app\/uploads\/2023\/12\/Menu_NocheV_EN.png 959w, https:\/\/brunellis.com\/app\/uploads\/2023\/12\/Menu_NocheV_EN-240x300.png 240w, https:\/\/brunellis.com\/app\/uploads\/2023\/12\/Menu_NocheV_EN-818x1024.png 818w, https:\/\/brunellis.com\/app\/uploads\/2023\/12\/Menu_NocheV_EN-768x961.png 768w\" sizes=\"(max-width: 959px) 100vw, 959px\" \/><\/p>\n","protected":false},"excerpt":{"rendered":"","protected":false},"author":7,"featured_media":0,"parent":0,"menu_order":0,"comment_status":"closed","ping_status":"closed","template":"","meta":{"footnotes":""},"class_list":["post-1525","page","type-page","status-publish","hentry"],"yoast_head":"<!-- This site is optimized with the Yoast SEO plugin v25.8 - https:\/\/yoast.com\/wordpress\/plugins\/seo\/ -->\n<title>New Year&#039;s Eve Menu &#8226; Grill Brunelli&#039;s Steakhouse American Style<\/title>\n<meta name=\"description\" content=\"El mejor Steakhouse a este lado del Atl\u00e1ntico en el Puerto de la Cruz, con la mejor selecci\u00f3n de carnes para llevar a su mesa el m\u00e1s delicioso steak a su gusto.\" \/>\n<meta name=\"robots\" content=\"index, follow, max-snippet:-1, max-image-preview:large, max-video-preview:-1\" \/>\n<link rel=\"canonical\" href=\"https:\/\/brunellis.com\/en\/new-years-eve-menu\/\" \/>\n<meta property=\"og:locale\" content=\"en_US\" \/>\n<meta property=\"og:type\" content=\"article\" \/>\n<meta property=\"og:title\" content=\"New Year&#039;s Eve Menu &#8226; Grill Brunelli&#039;s Steakhouse American Style\" \/>\n<meta property=\"og:description\" content=\"El mejor Steakhouse a este lado del Atl\u00e1ntico en el Puerto de la Cruz, con la mejor selecci\u00f3n de carnes para llevar a su mesa el m\u00e1s delicioso steak a su gusto.\" \/>\n<meta property=\"og:url\" content=\"https:\/\/brunellis.com\/en\/new-years-eve-menu\/\" \/>\n<meta property=\"og:site_name\" content=\"Grill Brunelli&#039;s Steakhouse American Style\" \/>\n<meta property=\"article:publisher\" content=\"https:\/\/www.facebook.com\/brunellissteakhouse\/\" \/>\n<meta property=\"article:modified_time\" content=\"2023-12-29T12:34:25+00:00\" \/>\n<meta property=\"og:image\" content=\"https:\/\/brunellis.com\/app\/uploads\/2023\/12\/Menu_NocheV_EN.png\" \/>\n<meta name=\"twitter:card\" content=\"summary_large_image\" \/>\n<meta name=\"twitter:site\" content=\"@brunellissteak\" \/>\n<script type=\"application\/ld+json\" class=\"yoast-schema-graph\">{\"@context\":\"https:\/\/schema.org\",\"@graph\":[{\"@type\":\"WebPage\",\"@id\":\"https:\/\/brunellis.com\/en\/new-years-eve-menu\/\",\"url\":\"https:\/\/brunellis.com\/en\/new-years-eve-menu\/\",\"name\":\"New Year's Eve Menu &#8226; Grill Brunelli&#039;s Steakhouse American Style\",\"isPartOf\":{\"@id\":\"https:\/\/brunellis.com\/#website\"},\"primaryImageOfPage\":{\"@id\":\"https:\/\/brunellis.com\/en\/new-years-eve-menu\/#primaryimage\"},\"image\":{\"@id\":\"https:\/\/brunellis.com\/en\/new-years-eve-menu\/#primaryimage\"},\"thumbnailUrl\":\"https:\/\/brunellis.com\/app\/uploads\/2023\/12\/Menu_NocheV_EN.png\",\"datePublished\":\"2023-12-29T10:51:46+00:00\",\"dateModified\":\"2023-12-29T12:34:25+00:00\",\"description\":\"El mejor Steakhouse a este lado del Atl\u00e1ntico en el Puerto de la Cruz, con la mejor selecci\u00f3n de carnes para llevar a su mesa el m\u00e1s delicioso steak a su gusto.\",\"inLanguage\":\"en-US\",\"potentialAction\":[{\"@type\":\"ReadAction\",\"target\":[\"https:\/\/brunellis.com\/en\/new-years-eve-menu\/\"]}]},{\"@type\":\"ImageObject\",\"inLanguage\":\"en-US\",\"@id\":\"https:\/\/brunellis.com\/en\/new-years-eve-menu\/#primaryimage\",\"url\":\"https:\/\/brunellis.com\/app\/uploads\/2023\/12\/Menu_NocheV_EN.png\",\"contentUrl\":\"https:\/\/brunellis.com\/app\/uploads\/2023\/12\/Menu_NocheV_EN.png\"},{\"@type\":\"WebSite\",\"@id\":\"https:\/\/brunellis.com\/#website\",\"url\":\"https:\/\/brunellis.com\/\",\"name\":\"Grill Brunelli&#039;s Steakhouse American Style\",\"description\":\"El mejor steakhouse a este lado del Atl\u00e1ntico en el Puerto de la Cruz, Tenerife.\",\"publisher\":{\"@id\":\"https:\/\/brunellis.com\/#organization\"},\"potentialAction\":[{\"@type\":\"SearchAction\",\"target\":{\"@type\":\"EntryPoint\",\"urlTemplate\":\"https:\/\/brunellis.com\/?s={search_term_string}\"},\"query-input\":{\"@type\":\"PropertyValueSpecification\",\"valueRequired\":true,\"valueName\":\"search_term_string\"}}],\"inLanguage\":\"en-US\"},{\"@type\":\"Organization\",\"@id\":\"https:\/\/brunellis.com\/#organization\",\"name\":\"Brunelli's SteakHouse\",\"url\":\"https:\/\/brunellis.com\/\",\"logo\":{\"@type\":\"ImageObject\",\"inLanguage\":\"en-US\",\"@id\":\"https:\/\/brunellis.com\/#\/schema\/logo\/image\/\",\"url\":\"https:\/\/brunellis.com\/app\/uploads\/2023\/03\/brunellis-1.png\",\"contentUrl\":\"https:\/\/brunellis.com\/app\/uploads\/2023\/03\/brunellis-1.png\",\"width\":250,\"height\":319,\"caption\":\"Brunelli's SteakHouse\"},\"image\":{\"@id\":\"https:\/\/brunellis.com\/#\/schema\/logo\/image\/\"},\"sameAs\":[\"https:\/\/www.facebook.com\/brunellissteakhouse\/\",\"https:\/\/x.com\/brunellissteak\",\"https:\/\/www.instagram.com\/brunellissteakhouse\/\"]}]}<\/script>\n<!-- \/ Yoast SEO plugin. -->","yoast_head_json":{"title":"New Year's Eve Menu &#8226; Grill Brunelli&#039;s Steakhouse American Style","description":"El mejor Steakhouse a este lado del Atl\u00e1ntico en el Puerto de la Cruz, con la mejor selecci\u00f3n de carnes para llevar a su mesa el m\u00e1s delicioso steak a su gusto.","robots":{"index":"index","follow":"follow","max-snippet":"max-snippet:-1","max-image-preview":"max-image-preview:large","max-video-preview":"max-video-preview:-1"},"canonical":"https:\/\/brunellis.com\/en\/new-years-eve-menu\/","og_locale":"en_US","og_type":"article","og_title":"New Year's Eve Menu &#8226; Grill Brunelli&#039;s Steakhouse American Style","og_description":"El mejor Steakhouse a este lado del Atl\u00e1ntico en el Puerto de la Cruz, con la mejor selecci\u00f3n de carnes para llevar a su mesa el m\u00e1s delicioso steak a su gusto.","og_url":"https:\/\/brunellis.com\/en\/new-years-eve-menu\/","og_site_name":"Grill Brunelli&#039;s Steakhouse American Style","article_publisher":"https:\/\/www.facebook.com\/brunellissteakhouse\/","article_modified_time":"2023-12-29T12:34:25+00:00","og_image":[{"url":"https:\/\/brunellis.com\/app\/uploads\/2023\/12\/Menu_NocheV_EN.png","type":"","width":"","height":""}],"twitter_card":"summary_large_image","twitter_site":"@brunellissteak","schema":{"@context":"https:\/\/schema.org","@graph":[{"@type":"WebPage","@id":"https:\/\/brunellis.com\/en\/new-years-eve-menu\/","url":"https:\/\/brunellis.com\/en\/new-years-eve-menu\/","name":"New Year's Eve Menu &#8226; Grill Brunelli&#039;s Steakhouse American Style","isPartOf":{"@id":"https:\/\/brunellis.com\/#website"},"primaryImageOfPage":{"@id":"https:\/\/brunellis.com\/en\/new-years-eve-menu\/#primaryimage"},"image":{"@id":"https:\/\/brunellis.com\/en\/new-years-eve-menu\/#primaryimage"},"thumbnailUrl":"https:\/\/brunellis.com\/app\/uploads\/2023\/12\/Menu_NocheV_EN.png","datePublished":"2023-12-29T10:51:46+00:00","dateModified":"2023-12-29T12:34:25+00:00","description":"El mejor Steakhouse a este lado del Atl\u00e1ntico en el Puerto de la Cruz, con la mejor selecci\u00f3n de carnes para llevar a su mesa el m\u00e1s delicioso steak a su gusto.","inLanguage":"en-US","potentialAction":[{"@type":"ReadAction","target":["https:\/\/brunellis.com\/en\/new-years-eve-menu\/"]}]},{"@type":"ImageObject","inLanguage":"en-US","@id":"https:\/\/brunellis.com\/en\/new-years-eve-menu\/#primaryimage","url":"https:\/\/brunellis.com\/app\/uploads\/2023\/12\/Menu_NocheV_EN.png","contentUrl":"https:\/\/brunellis.com\/app\/uploads\/2023\/12\/Menu_NocheV_EN.png"},{"@type":"WebSite","@id":"https:\/\/brunellis.com\/#website","url":"https:\/\/brunellis.com\/","name":"Grill Brunelli&#039;s Steakhouse American Style","description":"El mejor steakhouse a este lado del Atl\u00e1ntico en el Puerto de la Cruz, Tenerife.","publisher":{"@id":"https:\/\/brunellis.com\/#organization"},"potentialAction":[{"@type":"SearchAction","target":{"@type":"EntryPoint","urlTemplate":"https:\/\/brunellis.com\/?s={search_term_string}"},"query-input":{"@type":"PropertyValueSpecification","valueRequired":true,"valueName":"search_term_string"}}],"inLanguage":"en-US"},{"@type":"Organization","@id":"https:\/\/brunellis.com\/#organization","name":"Brunelli's SteakHouse","url":"https:\/\/brunellis.com\/","logo":{"@type":"ImageObject","inLanguage":"en-US","@id":"https:\/\/brunellis.com\/#\/schema\/logo\/image\/","url":"https:\/\/brunellis.com\/app\/uploads\/2023\/03\/brunellis-1.png","contentUrl":"https:\/\/brunellis.com\/app\/uploads\/2023\/03\/brunellis-1.png","width":250,"height":319,"caption":"Brunelli's SteakHouse"},"image":{"@id":"https:\/\/brunellis.com\/#\/schema\/logo\/image\/"},"sameAs":["https:\/\/www.facebook.com\/brunellissteakhouse\/","https:\/\/x.com\/brunellissteak","https:\/\/www.instagram.com\/brunellissteakhouse\/"]}]}},"_links":{"self":[{"href":"https:\/\/brunellis.com\/en\/wp-json\/wp\/v2\/pages\/1525","targetHints":{"allow":["GET"]}}],"collection":[{"href":"https:\/\/brunellis.com\/en\/wp-json\/wp\/v2\/pages"}],"about":[{"href":"https:\/\/brunellis.com\/en\/wp-json\/wp\/v2\/types\/page"}],"author":[{"embeddable":true,"href":"https:\/\/brunellis.com\/en\/wp-json\/wp\/v2\/users\/7"}],"replies":[{"embeddable":true,"href":"https:\/\/brunellis.com\/en\/wp-json\/wp\/v2\/comments?post=1525"}],"version-history":[{"count":2,"href":"https:\/\/brunellis.com\/en\/wp-json\/wp\/v2\/pages\/1525\/revisions"}],"predecessor-version":[{"id":1552,"href":"https:\/\/brunellis.com\/en\/wp-json\/wp\/v2\/pages\/1525\/revisions\/1552"}],"wp:attachment":[{"href":"https:\/\/brunellis.com\/en\/wp-json\/wp\/v2\/media?parent=1525"}],"curies":[{"name":"wp","href":"https:\/\/api.w.org\/{rel}","templated":true}]}}