{"id":1049,"date":"2023-04-05T10:01:14","date_gmt":"2023-04-05T10:01:14","guid":{"rendered":"https:\/\/brunellis.com\/?page_id=1049"},"modified":"2023-06-23T10:23:09","modified_gmt":"2023-06-23T10:23:09","slug":"legal-notice","status":"publish","type":"page","link":"https:\/\/brunellis.com\/en\/legal-notice\/","title":{"rendered":"Legal Notice"},"content":{"rendered":"<div class=\"inner_wrapper\">\n<div class=\"sidebar_content full_width\">\n<h1 style=\"text-align: center;\">Legal Notice<\/h1>\n<p>&nbsp;<\/p>\n<p>The Internet Domain Brunellis.com is property of the mercantile entity &#8220;BRUNNELLI&#8217;S, S.L.&#8221;, entity registered in the Registro Mercantil de Santa Cruz de Tenerife, sheet TF-64321, with address in calle P\u00e9rez de Rozas, 13, piso 5\u00ba, derecha, 38003 &#8211; Santa Cruz de Tenerife, Spain. Mercantil de Santa Cruz de Tenerife, sheet TF-64321, with address at Calle P\u00e9rez de Rozas, 13, 5th floor, right, 38003 &#8211; Santa Cruz de Tenerife, Spain, with C.I.F. number B-76651645 and Telephone (+34) 639.210.029, Email: info@brunellis.com Copyright \u00a9 BRUNNELLI&#8217;S, S.L., Santa Cruz de Tenerife, 2013.<\/p>\n<p>IN ANY CASE, ALL RIGHTS RESERVED:<\/p>\n<p>The reproduction, distribution, making available, public communication and use, in whole or in part, of the contents of this website, in any form or modality, without prior, express and written authorisation, including, in particular, their mere reproduction and\/or making available as summaries, reviews or press reviews for commercial or directly or indirectly lucrative purposes, to which express opposition is expressed, is prohibited. The domain name of this website, brunellis.com, is the exclusive property of BRUNNELLI&#8217;S, S.L., therefore any improper use of the aforementioned domain in the course of business would constitute an infringement of the rights conferred by its registration and will be prosecuted by the means provided for by law.<\/p>\n<p>The use by the user of the services contained in the brunellis.com website implies the express acceptance of the following,<\/p>\n<p>II.- General Conditions of Sale and Services:<\/p>\n<p>a.- OBJECT:<\/p>\n<p>Users must read the present General Conditions of Use of this Web Portal. The use or access to this site implies knowledge and full acceptance of the legal warnings and conditions specified below. If you do not agree with them, please do not use this website. These general conditions (hereinafter the &#8220;General Conditions&#8221;) regulate the use of all the services of the Portal, brunellis.com, a website that has been created and is the property of BRUNNELLI&#8217;S, S.L. Users may contact the address given at the beginning of this document:<\/p>\n<\/div>\n<p>By the mere use of this website, the user expresses full and unreserved acceptance of these terms and conditions, which may be modified by BRUNNELLI&#8217;S, S.L. at any time. Users are also subject to any special conditions, notices or instruction regulations that are brought to their attention in relation to specific contents or services, which complement the provisions of these General Conditions.<\/p>\n<p>b.- CAPACITY:<\/p>\n<p>The user and\/or consumer declares that he\/she is of legal age (over 18 years of age) and has the necessary legal capacity to contract the services offered by the provider on the brunellis.com website, also declaring that he\/she accepts to be bound by this agreement and understands and fully accepts the conditions set out herein for using this website and contracting the services offered.<\/p>\n<p>c.- USE BY THE USER:<\/p>\n<p>The user undertakes to use the Portal and the services in accordance with the law and these General Conditions, as well as morality, good customs and public order. Therefore, he\/she will refrain from using the Portal or its services for illicit purposes, contrary to these General Conditions or harmful to the rights and interests of third parties or that in any way may damage or render them useless. Likewise, and unless prior express authorisation has been specifically granted for this purpose by BRUNNELLI&#8217;S, S.L. the user shall refrain from obtaining or attempting to obtain any type of content, whether text, graphics, drawings, sound files, images or photographs, videos, software and, in general, any type of material accessible through the Portal or the services, using means other than those made available for this purpose or those normally used for this purpose on the Internet.<\/p>\n<p>d.- FREE CHARACTER OF THE SERVICES:<\/p>\n<p>This web portal is accessible through the address brunellis.com, and its use by the user is free of charge, therefore its visualisation does not require any subscription or registration whatsoever. However, the contracting of certain services or products may require the User to register on the website and the prior acceptance of certain specific conditions that develop and complement these General Conditions.<\/p>\n<\/div>\n<p>e.- APPLICABLE LAW AND JURISDICTION:<\/p>\n<p>The user or consumer declares that he\/she accepts that the legislation applicable to the operation of this service is Spanish, being the place of permanent establishment of the service provider, therefore, the services provided here are regulated in accordance with the provisions of Law 34\/2002, of 11 July, on Information Society Services and Electronic Commerce and any other regulations in this regard.<\/p>\n<p>Likewise, the Judges and Courts of the domicile of the service provider, i.e. Puerto de la Cruz, shall be competent to hear any dispute arising or deriving from the interpretation of these conditions.<\/p>\n<p>f.- DATA PROTECTION POLICY:<\/p>\n<p>The user and\/or consumer, in order to contract the different services offered by BRUNNELLI&#8217;S, S.L., as well as to receive newsletters from the Restaurant, must register the data requested as a customer, declaring that all information provided at the time of registration is true, complete and accurate and, in accordance with Royal Decree 1720\/2007, of 21 December, which approves the Regulation of development of Law 15\/1999, of Protection of Personal Data, the person who registers expressly authorizes brunellis. com to proceed to include in an automated file the personal data contained in the fields of the form as necessary for the proper provision of its services. It is indicated that the Responsible for the file is the commercial entity BRUNNELLI&#8217;S, S.L., whose data have been provided at the beginning of these General Conditions of Sale, for the purpose of exercising the rights of access, rectification, cancellation and opposition provided for in the Law. Likewise, the communication of such data to third parties is expressly authorised when necessary for the proper provision of the services contracted, respecting at all times the legislation in force.<\/p>\n<p>g.- CONSENT TO RECEIVE ELECTRONIC NOTIFICATIONS:<\/p>\n<p>The user gives his\/her express consent to receive electronic communications with advertising and commercial news from BRUNNELLI&#8217;S, S.L. and the products or services it markets or promotes. In any case, BRUNNELLI&#8217;S, S.L. provides users and recipients with the means of contact referred to in these conditions of sale, so that they may at any time revoke their consent and oppose the processing of their data for promotional purposes, by writing to the e-mail address info@brunellis.com; or to the postal address C\/ P\u00e9rez de Rozas, 13, piso 5\u00ba, derecha, 38003 &#8211; Santa Cruz de Tenerife, having to prove their identity for this purpose.<\/p>\n<p>h.- TRUTH IN THE INFORMATION AND EXEMPTION OF RESPONSIBILITY:<\/p>\n<p>All information on products, services and prices offered on our website is provided in a clear and accurate manner. Likewise, BRUNNELLI&#8217;S, S.L. makes the necessary efforts within its means to offer the information contained in the page truthfully and without typographical errors. In the event of any typographical or graphical error, or any other error of this type, beyond the control of BRUNNELLI&#8217;S, S.L., BRUNNELLI&#8217;S, S.L. shall immediately proceed to correct it, and BRUNNELLI&#8217;S, S.L. declines any liability for this reason.<\/p>\n<p>Exemption from Liability:<\/p>\n<p>h.1.- For the contents and operation of the Portal:<\/p>\n<div class=\"inner_wrapper\">\n<div class=\"sidebar_content full_width\">\n<p>BRUNNELLI&#8217;S, S.L. does not guarantee the availability and continuity of the operation of the Portal, its services and its contents. If reasonably possible, BRUNNELLI&#8217;S, S.L. will give prior notice of any interruptions in the functioning of the same. BRUNNELLI&#8217;S, S.L. is not liable for damages of any nature that may be due to the lack of availability or continuity of the Portal or any of its services, or for failures in access to the different web pages of the Portal or those from which certain services are provided.<\/p>\n<p>h.2.- For the use of the Portal and the services by users:<\/p>\n<p>BRUNNELLI&#8217;S, S.L. has no obligation and does not control the use that users make of the Portal and its services and therefore does not guarantee that the use by users is in accordance with the law, these General Conditions and, where appropriate, any other particular conditions that may be established. BRUNNELLI&#8217;S, S.L. is not responsible for damages of any nature that may be due to the incorrect, inappropriate or inadequate use that users make of the Portal or its services.<\/p>\n<p>h.3.- Own contents:<\/p>\n<p>The contents of all types included in the web pages of the Portal are provided in good faith by BRUNNELLI&#8217;S, S.L. with information from both internal sources (own elaboration) and external to the company itself. Due to this circumstance and the large amount of accessible information, BRUNNELLI&#8217;S, S.L. does not guarantee the total accuracy or updating of the available data or texts, although it uses its best efforts to do so. BRUNNELLI&#8217;S, S.L. does not guarantee the usefulness of the Portal or its services for any particular activity or the suitability of the contents included in its web pages for any particular purpose, so that both access to the pages and the use of the information, contents and services is the sole and exclusive responsibility of the user. BRUNNELLI&#8217;S, S.L. warns that the images that appear on the Portal are indicative and do not imply any contractual obligation, the information, presentation and services offered on this site may be subject to periodic or occasional changes, which may be made freely by BRUNNELLI&#8217;S, S.L. without any obligation to inform users.<\/p>\n<p>h.4.- Third party content:<\/p>\n<p>The information, both own and third parties that appear on the website, siampark.net are provided without warranty of any kind as to its accuracy and updating, therefore, BRUNNELLI&#8217;S, S.L. is in no way responsible, either directly or subsidiarily, for any content, information, communication, opinion or statement of any kind that has its origin in the user or any third person or entity and that is communicated, disseminated, transmitted or displayed through the services of the Portal.<\/p>\n<p>h.5.- Errors<\/p>\n<p>In relation to the above, the documents published may contain technical inconsistencies or involuntary typographical errors, for which BRUNNELLI&#8217;S, S.L. cannot be held responsible. In any case, we apologise for any such errors and undertake to correct them as soon as possible.<\/p>\n<p>i.- SECURITY:<\/p>\n<p>BRUNNELLI&#8217;S, S.L. makes its best efforts to have the security systems required by law, in order to prevent access to our databases by third parties, therefore, the sending and forwarding of data made by the user through our website or the information it sends, is protected with electronic security techniques in the network, in order to ensure the secrecy of communications of users, as well as appropriate levels of protection of personal data.<\/p>\n<p>j.- COOKIES:<\/p>\n<p>BRUNNELLI&#8217;S, S.L. uses cookies when a user browses the websites and web pages of the Portal. The purpose of using cookies is to identify the user, to follow the user&#8217;s path during visits and to get to know him\/her better in order to speed up the service offered. Cookies are only associated with an anonymous user and do not allow access to personal data or data from the hard drive of the user&#8217;s computer. Most browsers automatically accept cookies, but users can configure their browsers to notify them when cookies are received or not to accept them, without this making it impossible to access the Portal&#8217;s web pages.<\/p>\n<p>&nbsp;<\/p>\n<p>k.- KNOWLEDGE AND ACCEPTANCE:<\/p>\n<p>The contracting of any of the services offered by our website, implies knowledge and express acceptance of these conditions. The document in which the possible contracts are formalised will be filed in a database accessible only by BRUNNELLI&#8217;S, S.L., according to the conditions that appear in the section &#8220;Data protection&#8221; of the conditions of use of this website. Likewise, the customer and\/or user may identify and correct any errors made when entering data by notifying BRUNNELLI&#8217;S, S.L., as indicated in the Data Protection Policy clause herein.<\/p>\n<p>l.- NULLITY:<\/p>\n<p>If any clause included in these general conditions were to be declared, totally or partially, null or ineffective, such nullity or ineffectiveness will only affect said provision or the part of the same that is null or ineffective, with the general conditions subsisting in all other respects, with said provision, or the part of the same that is affected, being considered as not being in force.<\/p>\n<p>&nbsp;<\/p>\n<p>&nbsp;<\/p>\n<\/div>\n<\/div>\n","protected":false},"excerpt":{"rendered":"<p>Legal Notice &nbsp; The Internet Domain Brunellis.com is property of the mercantile entity &#8220;BRUNNELLI&#8217;S, S.L.&#8221;, entity registered in the Registro Mercantil de Santa Cruz de Tenerife, sheet TF-64321, with address in calle P\u00e9rez de Rozas, 13, piso 5\u00ba, derecha, 38003 &#8211; Santa Cruz de Tenerife, Spain. Mercantil de Santa Cruz de Tenerife, sheet TF-64321, with [&hellip;]<\/p>\n","protected":false},"author":1,"featured_media":0,"parent":0,"menu_order":0,"comment_status":"closed","ping_status":"closed","template":"","meta":{"footnotes":""},"class_list":["post-1049","page","type-page","status-publish","hentry"],"yoast_head":"<!-- This site is optimized with the Yoast SEO plugin v25.8 - https:\/\/yoast.com\/wordpress\/plugins\/seo\/ -->\n<title>Legal Notice &#8226; Grill Brunelli&#039;s Steakhouse American Style<\/title>\n<meta name=\"description\" content=\"El mejor Steakhouse a este lado del Atl\u00e1ntico en el Puerto de la Cruz, con la mejor selecci\u00f3n de carnes para llevar a su mesa el m\u00e1s delicioso steak a su gusto.\" \/>\n<meta name=\"robots\" content=\"noindex, nofollow\" \/>\n<meta property=\"og:locale\" content=\"en_US\" \/>\n<meta property=\"og:type\" content=\"article\" \/>\n<meta property=\"og:title\" content=\"Legal Notice &#8226; Grill Brunelli&#039;s Steakhouse American Style\" \/>\n<meta property=\"og:description\" content=\"El mejor Steakhouse a este lado del Atl\u00e1ntico en el Puerto de la Cruz, con la mejor selecci\u00f3n de carnes para llevar a su mesa el m\u00e1s delicioso steak a su gusto.\" \/>\n<meta property=\"og:url\" content=\"https:\/\/brunellis.com\/en\/legal-notice\/\" \/>\n<meta property=\"og:site_name\" content=\"Grill Brunelli&#039;s Steakhouse American Style\" \/>\n<meta property=\"article:publisher\" content=\"https:\/\/www.facebook.com\/brunellissteakhouse\/\" \/>\n<meta property=\"article:modified_time\" content=\"2023-06-23T10:23:09+00:00\" \/>\n<meta property=\"og:image\" content=\"https:\/\/brunellis.com\/app\/uploads\/2023\/06\/brunellis-2.png\" \/>\n\t<meta property=\"og:image:width\" content=\"900\" \/>\n\t<meta property=\"og:image:height\" content=\"378\" \/>\n\t<meta property=\"og:image:type\" content=\"image\/png\" \/>\n<meta name=\"twitter:card\" content=\"summary_large_image\" \/>\n<meta name=\"twitter:site\" content=\"@brunellissteak\" \/>\n<meta name=\"twitter:label1\" content=\"Est. reading time\" \/>\n\t<meta name=\"twitter:data1\" content=\"10 minutes\" \/>\n<script type=\"application\/ld+json\" class=\"yoast-schema-graph\">{\"@context\":\"https:\/\/schema.org\",\"@graph\":[{\"@type\":\"WebPage\",\"@id\":\"https:\/\/brunellis.com\/en\/legal-notice\/\",\"url\":\"https:\/\/brunellis.com\/en\/legal-notice\/\",\"name\":\"Legal Notice &#8226; Grill Brunelli&#039;s Steakhouse American Style\",\"isPartOf\":{\"@id\":\"https:\/\/brunellis.com\/#website\"},\"datePublished\":\"2023-04-05T10:01:14+00:00\",\"dateModified\":\"2023-06-23T10:23:09+00:00\",\"description\":\"El mejor Steakhouse a este lado del Atl\u00e1ntico en el Puerto de la Cruz, con la mejor selecci\u00f3n de carnes para llevar a su mesa el m\u00e1s delicioso steak a su gusto.\",\"inLanguage\":\"en-US\",\"potentialAction\":[{\"@type\":\"ReadAction\",\"target\":[\"https:\/\/brunellis.com\/en\/legal-notice\/\"]}]},{\"@type\":\"WebSite\",\"@id\":\"https:\/\/brunellis.com\/#website\",\"url\":\"https:\/\/brunellis.com\/\",\"name\":\"Grill Brunelli&#039;s Steakhouse American Style\",\"description\":\"El mejor steakhouse a este lado del Atl\u00e1ntico en el Puerto de la Cruz, Tenerife.\",\"publisher\":{\"@id\":\"https:\/\/brunellis.com\/#organization\"},\"potentialAction\":[{\"@type\":\"SearchAction\",\"target\":{\"@type\":\"EntryPoint\",\"urlTemplate\":\"https:\/\/brunellis.com\/?s={search_term_string}\"},\"query-input\":{\"@type\":\"PropertyValueSpecification\",\"valueRequired\":true,\"valueName\":\"search_term_string\"}}],\"inLanguage\":\"en-US\"},{\"@type\":\"Organization\",\"@id\":\"https:\/\/brunellis.com\/#organization\",\"name\":\"Brunelli's SteakHouse\",\"url\":\"https:\/\/brunellis.com\/\",\"logo\":{\"@type\":\"ImageObject\",\"inLanguage\":\"en-US\",\"@id\":\"https:\/\/brunellis.com\/#\/schema\/logo\/image\/\",\"url\":\"https:\/\/brunellis.com\/app\/uploads\/2023\/03\/brunellis-1.png\",\"contentUrl\":\"https:\/\/brunellis.com\/app\/uploads\/2023\/03\/brunellis-1.png\",\"width\":250,\"height\":319,\"caption\":\"Brunelli's SteakHouse\"},\"image\":{\"@id\":\"https:\/\/brunellis.com\/#\/schema\/logo\/image\/\"},\"sameAs\":[\"https:\/\/www.facebook.com\/brunellissteakhouse\/\",\"https:\/\/x.com\/brunellissteak\",\"https:\/\/www.instagram.com\/brunellissteakhouse\/\"]}]}<\/script>\n<!-- \/ Yoast SEO plugin. -->","yoast_head_json":{"title":"Legal Notice &#8226; Grill Brunelli&#039;s Steakhouse American Style","description":"El mejor Steakhouse a este lado del Atl\u00e1ntico en el Puerto de la Cruz, con la mejor selecci\u00f3n de carnes para llevar a su mesa el m\u00e1s delicioso steak a su gusto.","robots":{"index":"noindex","follow":"nofollow"},"og_locale":"en_US","og_type":"article","og_title":"Legal Notice &#8226; Grill Brunelli&#039;s Steakhouse American Style","og_description":"El mejor Steakhouse a este lado del Atl\u00e1ntico en el Puerto de la Cruz, con la mejor selecci\u00f3n de carnes para llevar a su mesa el m\u00e1s delicioso steak a su gusto.","og_url":"https:\/\/brunellis.com\/en\/legal-notice\/","og_site_name":"Grill Brunelli&#039;s Steakhouse American Style","article_publisher":"https:\/\/www.facebook.com\/brunellissteakhouse\/","article_modified_time":"2023-06-23T10:23:09+00:00","og_image":[{"width":900,"height":378,"url":"https:\/\/brunellis.com\/app\/uploads\/2023\/06\/brunellis-2.png","type":"image\/png"}],"twitter_card":"summary_large_image","twitter_site":"@brunellissteak","twitter_misc":{"Est. reading time":"10 minutes"},"schema":{"@context":"https:\/\/schema.org","@graph":[{"@type":"WebPage","@id":"https:\/\/brunellis.com\/en\/legal-notice\/","url":"https:\/\/brunellis.com\/en\/legal-notice\/","name":"Legal Notice &#8226; Grill Brunelli&#039;s Steakhouse American Style","isPartOf":{"@id":"https:\/\/brunellis.com\/#website"},"datePublished":"2023-04-05T10:01:14+00:00","dateModified":"2023-06-23T10:23:09+00:00","description":"El mejor Steakhouse a este lado del Atl\u00e1ntico en el Puerto de la Cruz, con la mejor selecci\u00f3n de carnes para llevar a su mesa el m\u00e1s delicioso steak a su gusto.","inLanguage":"en-US","potentialAction":[{"@type":"ReadAction","target":["https:\/\/brunellis.com\/en\/legal-notice\/"]}]},{"@type":"WebSite","@id":"https:\/\/brunellis.com\/#website","url":"https:\/\/brunellis.com\/","name":"Grill Brunelli&#039;s Steakhouse American Style","description":"El mejor steakhouse a este lado del Atl\u00e1ntico en el Puerto de la Cruz, Tenerife.","publisher":{"@id":"https:\/\/brunellis.com\/#organization"},"potentialAction":[{"@type":"SearchAction","target":{"@type":"EntryPoint","urlTemplate":"https:\/\/brunellis.com\/?s={search_term_string}"},"query-input":{"@type":"PropertyValueSpecification","valueRequired":true,"valueName":"search_term_string"}}],"inLanguage":"en-US"},{"@type":"Organization","@id":"https:\/\/brunellis.com\/#organization","name":"Brunelli's SteakHouse","url":"https:\/\/brunellis.com\/","logo":{"@type":"ImageObject","inLanguage":"en-US","@id":"https:\/\/brunellis.com\/#\/schema\/logo\/image\/","url":"https:\/\/brunellis.com\/app\/uploads\/2023\/03\/brunellis-1.png","contentUrl":"https:\/\/brunellis.com\/app\/uploads\/2023\/03\/brunellis-1.png","width":250,"height":319,"caption":"Brunelli's SteakHouse"},"image":{"@id":"https:\/\/brunellis.com\/#\/schema\/logo\/image\/"},"sameAs":["https:\/\/www.facebook.com\/brunellissteakhouse\/","https:\/\/x.com\/brunellissteak","https:\/\/www.instagram.com\/brunellissteakhouse\/"]}]}},"_links":{"self":[{"href":"https:\/\/brunellis.com\/en\/wp-json\/wp\/v2\/pages\/1049","targetHints":{"allow":["GET"]}}],"collection":[{"href":"https:\/\/brunellis.com\/en\/wp-json\/wp\/v2\/pages"}],"about":[{"href":"https:\/\/brunellis.com\/en\/wp-json\/wp\/v2\/types\/page"}],"author":[{"embeddable":true,"href":"https:\/\/brunellis.com\/en\/wp-json\/wp\/v2\/users\/1"}],"replies":[{"embeddable":true,"href":"https:\/\/brunellis.com\/en\/wp-json\/wp\/v2\/comments?post=1049"}],"version-history":[{"count":3,"href":"https:\/\/brunellis.com\/en\/wp-json\/wp\/v2\/pages\/1049\/revisions"}],"predecessor-version":[{"id":1052,"href":"https:\/\/brunellis.com\/en\/wp-json\/wp\/v2\/pages\/1049\/revisions\/1052"}],"wp:attachment":[{"href":"https:\/\/brunellis.com\/en\/wp-json\/wp\/v2\/media?parent=1049"}],"curies":[{"name":"wp","href":"https:\/\/api.w.org\/{rel}","templated":true}]}}