{"id":965,"date":"2023-04-04T14:32:15","date_gmt":"2023-04-04T14:32:15","guid":{"rendered":"https:\/\/brunellis.com\/menue\/"},"modified":"2025-03-03T09:59:18","modified_gmt":"2025-03-03T09:59:18","slug":"menue","status":"publish","type":"page","link":"https:\/\/brunellis.com\/de\/menue\/","title":{"rendered":"MEN\u00dc"},"content":{"rendered":"\t\t<div data-elementor-type=\"wp-page\" data-elementor-id=\"965\" class=\"elementor elementor-965 elementor-41\" data-elementor-post-type=\"page\">\n\t\t\t\t\t\t<section class=\"elementor-section elementor-top-section elementor-element elementor-element-caaa5ca elementor-section-boxed elementor-section-height-default elementor-section-height-default\" data-id=\"caaa5ca\" data-element_type=\"section\" data-settings=\"{&quot;background_background&quot;:&quot;classic&quot;}\">\n\t\t\t\t\t\t<div class=\"elementor-container elementor-column-gap-default\">\n\t\t\t\t\t<div class=\"elementor-column elementor-col-100 elementor-top-column elementor-element elementor-element-8877c13\" data-id=\"8877c13\" data-element_type=\"column\">\n\t\t\t<div class=\"elementor-widget-wrap elementor-element-populated\">\n\t\t\t\t\t\t<div class=\"elementor-element elementor-element-3a2d1f5 elementor-widget elementor-widget-heading\" data-id=\"3a2d1f5\" data-element_type=\"widget\" data-widget_type=\"heading.default\">\n\t\t\t\t<div class=\"elementor-widget-container\">\n\t\t\t\t\t<h1 class=\"elementor-heading-title elementor-size-default\">Das Men\u00fc<\/h1>\t\t\t\t<\/div>\n\t\t\t\t<\/div>\n\t\t\t\t<div class=\"elementor-element elementor-element-d9ed38a elementor-widget elementor-widget-text-editor\" data-id=\"d9ed38a\" data-element_type=\"widget\" data-widget_type=\"text-editor.default\">\n\t\t\t\t<div class=\"elementor-widget-container\">\n\t\t\t\t\t\t\t\t\t<p>Willkommen im Brunelli&#8217;s! Das beste Steakhaus diesseits des Atlantiks. Alle unsere Fleischsorten werden sorgf\u00e4ltig ausgew\u00e4hlt, um Ihnen das k\u00f6stlichste Steak auf den Tisch zu bringen, das nach Ihrem Geschmack zubereitet wird. Das Geheimnis ist eine Kombination aus hochwertigen Rohstoffen, einer idealen Reifung von 28 Tagen in unserem Haus, sowie pr\u00e4zisen Schnitten und einer besonderen Aufmerksamkeit f\u00fcr die Garpunkte in unserem &#8220;Southbend&#8221; Ofen, dem einzigen auf den Kanarischen Inseln.<\/p><p>Bei 800\u00ba Celsius wird das Fleisch au\u00dfen knusprig und innen saftig gegart und mit Saucen und Beilagen aus unseren Bio-G\u00e4rten serviert. Wir sind daf\u00fcr bekannt, das beste Steak diesseits des Atlantiks zu haben, und das ist der Grund daf\u00fcr!<\/p>\t\t\t\t\t\t\t\t<\/div>\n\t\t\t\t<\/div>\n\t\t\t\t<div class=\"elementor-element elementor-element-de65388 elementor-widget elementor-widget-text-editor\" data-id=\"de65388\" data-element_type=\"widget\" data-widget_type=\"text-editor.default\">\n\t\t\t\t<div class=\"elementor-widget-container\">\n\t\t\t\t\t\t\t\t\t<p><em>Zum Vergr\u00f6\u00dfern auf das Bild klicken<\/em><\/p>\t\t\t\t\t\t\t\t<\/div>\n\t\t\t\t<\/div>\n\t\t\t\t<div class=\"elementor-element elementor-element-29a642c elementor-widget-divider--view-line elementor-widget elementor-widget-divider\" data-id=\"29a642c\" data-element_type=\"widget\" data-widget_type=\"divider.default\">\n\t\t\t\t<div class=\"elementor-widget-container\">\n\t\t\t\t\t\t\t<div class=\"elementor-divider\">\n\t\t\t<span class=\"elementor-divider-separator\">\n\t\t\t\t\t\t<\/span>\n\t\t<\/div>\n\t\t\t\t\t\t<\/div>\n\t\t\t\t<\/div>\n\t\t\t\t<div class=\"elementor-element elementor-element-bc82946 elementor-widget elementor-widget-heading\" data-id=\"bc82946\" data-element_type=\"widget\" data-widget_type=\"heading.default\">\n\t\t\t\t<div class=\"elementor-widget-container\">\n\t\t\t\t\t<h2 class=\"elementor-heading-title elementor-size-default\">Speisekarte<\/h2>\t\t\t\t<\/div>\n\t\t\t\t<\/div>\n\t\t\t\t\t<\/div>\n\t\t<\/div>\n\t\t\t\t\t<\/div>\n\t\t<\/section>\n\t\t\t\t<section class=\"elementor-section elementor-top-section elementor-element elementor-element-9e31efc elementor-section-full_width elementor-section-height-default elementor-section-height-default\" data-id=\"9e31efc\" data-element_type=\"section\">\n\t\t\t\t\t\t<div class=\"elementor-container elementor-column-gap-default\">\n\t\t\t\t\t<div class=\"elementor-column elementor-col-50 elementor-top-column elementor-element elementor-element-7ad4943\" data-id=\"7ad4943\" data-element_type=\"column\">\n\t\t\t<div class=\"elementor-widget-wrap elementor-element-populated\">\n\t\t\t\t\t\t<div class=\"elementor-element elementor-element-6fbe2af elementor-widget elementor-widget-image\" data-id=\"6fbe2af\" data-element_type=\"widget\" data-widget_type=\"image.default\">\n\t\t\t\t<div class=\"elementor-widget-container\">\n\t\t\t\t\t\t\t\t\t\t\t\t\t\t\t\t<a href=\"https:\/\/brunellis.com\/app\/uploads\/2025\/03\/menu-2025_feb27-de_Page_1-scaled.jpg\" data-elementor-open-lightbox=\"yes\" data-elementor-lightbox-title=\"menu -2025_feb27-de_Page_1\" data-e-action-hash=\"#elementor-action%3Aaction%3Dlightbox%26settings%3DeyJpZCI6MzAxMywidXJsIjoiaHR0cHM6XC9cL2JydW5lbGxpcy5jb21cL2FwcFwvdXBsb2Fkc1wvMjAyNVwvMDNcL21lbnUtMjAyNV9mZWIyNy1kZV9QYWdlXzEtc2NhbGVkLmpwZyJ9\">\n\t\t\t\t\t\t\t<img fetchpriority=\"high\" decoding=\"async\" width=\"1820\" height=\"2560\" src=\"https:\/\/brunellis.com\/app\/uploads\/2025\/03\/menu-2025_feb27-de_Page_1-scaled.jpg\" class=\"attachment-full size-full wp-image-3013\" alt=\"\" srcset=\"https:\/\/brunellis.com\/app\/uploads\/2025\/03\/menu-2025_feb27-de_Page_1-scaled.jpg 1820w, https:\/\/brunellis.com\/app\/uploads\/2025\/03\/menu-2025_feb27-de_Page_1-213x300.jpg 213w, https:\/\/brunellis.com\/app\/uploads\/2025\/03\/menu-2025_feb27-de_Page_1-728x1024.jpg 728w, https:\/\/brunellis.com\/app\/uploads\/2025\/03\/menu-2025_feb27-de_Page_1-768x1080.jpg 768w, https:\/\/brunellis.com\/app\/uploads\/2025\/03\/menu-2025_feb27-de_Page_1-1092x1536.jpg 1092w, https:\/\/brunellis.com\/app\/uploads\/2025\/03\/menu-2025_feb27-de_Page_1-1456x2048.jpg 1456w\" sizes=\"(max-width: 1820px) 100vw, 1820px\" \/>\t\t\t\t\t\t\t\t<\/a>\n\t\t\t\t\t\t\t\t\t\t\t\t\t\t\t<\/div>\n\t\t\t\t<\/div>\n\t\t\t\t\t<\/div>\n\t\t<\/div>\n\t\t\t\t<div class=\"elementor-column elementor-col-50 elementor-top-column elementor-element elementor-element-74e3bb5\" data-id=\"74e3bb5\" data-element_type=\"column\">\n\t\t\t<div class=\"elementor-widget-wrap elementor-element-populated\">\n\t\t\t\t\t\t<div class=\"elementor-element elementor-element-7386dbb elementor-widget elementor-widget-image\" data-id=\"7386dbb\" data-element_type=\"widget\" data-widget_type=\"image.default\">\n\t\t\t\t<div class=\"elementor-widget-container\">\n\t\t\t\t\t\t\t\t\t\t\t\t\t\t\t\t<a href=\"https:\/\/brunellis.com\/app\/uploads\/2025\/03\/menu-2025_feb27-de_Page_2-scaled.jpg\" data-elementor-open-lightbox=\"yes\" data-elementor-lightbox-title=\"menu -2025_feb27-de_Page_2\" data-e-action-hash=\"#elementor-action%3Aaction%3Dlightbox%26settings%3DeyJpZCI6MzAxOSwidXJsIjoiaHR0cHM6XC9cL2JydW5lbGxpcy5jb21cL2FwcFwvdXBsb2Fkc1wvMjAyNVwvMDNcL21lbnUtMjAyNV9mZWIyNy1kZV9QYWdlXzItc2NhbGVkLmpwZyJ9\">\n\t\t\t\t\t\t\t<img decoding=\"async\" width=\"1820\" height=\"2560\" src=\"https:\/\/brunellis.com\/app\/uploads\/2025\/03\/menu-2025_feb27-de_Page_2-scaled.jpg\" class=\"attachment-full size-full wp-image-3019\" alt=\"\" srcset=\"https:\/\/brunellis.com\/app\/uploads\/2025\/03\/menu-2025_feb27-de_Page_2-scaled.jpg 1820w, https:\/\/brunellis.com\/app\/uploads\/2025\/03\/menu-2025_feb27-de_Page_2-213x300.jpg 213w, https:\/\/brunellis.com\/app\/uploads\/2025\/03\/menu-2025_feb27-de_Page_2-728x1024.jpg 728w, https:\/\/brunellis.com\/app\/uploads\/2025\/03\/menu-2025_feb27-de_Page_2-768x1080.jpg 768w, https:\/\/brunellis.com\/app\/uploads\/2025\/03\/menu-2025_feb27-de_Page_2-1092x1536.jpg 1092w, https:\/\/brunellis.com\/app\/uploads\/2025\/03\/menu-2025_feb27-de_Page_2-1456x2048.jpg 1456w\" sizes=\"(max-width: 1820px) 100vw, 1820px\" \/>\t\t\t\t\t\t\t\t<\/a>\n\t\t\t\t\t\t\t\t\t\t\t\t\t\t\t<\/div>\n\t\t\t\t<\/div>\n\t\t\t\t\t<\/div>\n\t\t<\/div>\n\t\t\t\t\t<\/div>\n\t\t<\/section>\n\t\t\t\t<section class=\"elementor-section elementor-top-section elementor-element elementor-element-c466fd6 elementor-section-boxed elementor-section-height-default elementor-section-height-default\" data-id=\"c466fd6\" data-element_type=\"section\">\n\t\t\t\t\t\t<div class=\"elementor-container elementor-column-gap-default\">\n\t\t\t\t\t<div class=\"elementor-column elementor-col-100 elementor-top-column elementor-element elementor-element-0f3c3d1\" data-id=\"0f3c3d1\" data-element_type=\"column\">\n\t\t\t<div class=\"elementor-widget-wrap elementor-element-populated\">\n\t\t\t\t\t\t<div class=\"elementor-element elementor-element-664a68b elementor-widget elementor-widget-text-editor\" data-id=\"664a68b\" data-element_type=\"widget\" data-widget_type=\"text-editor.default\">\n\t\t\t\t<div class=\"elementor-widget-container\">\n\t\t\t\t\t\t\t\t\t<p><strong>STEUERN INKLUSIVE<\/strong><\/p><p>Unsere Gerichte k\u00f6nnen Allergene enthalten. Wenn Sie an einer Unvertr\u00e4glichkeit leiden, wenden Sie sich bitte an unser Personal. Von Ihnen erhalten Sie weiter Informationen \u00fcber die in unseren Produkten verwendeten Inhaltsstoffe.<\/p>\t\t\t\t\t\t\t\t<\/div>\n\t\t\t\t<\/div>\n\t\t\t\t\t<\/div>\n\t\t<\/div>\n\t\t\t\t\t<\/div>\n\t\t<\/section>\n\t\t\t\t<\/div>\n\t\t","protected":false},"excerpt":{"rendered":"<p>Das Men\u00fc Willkommen im Brunelli&#8217;s! Das beste Steakhaus diesseits des Atlantiks. Alle unsere Fleischsorten werden sorgf\u00e4ltig ausgew\u00e4hlt, um Ihnen das k\u00f6stlichste Steak auf den Tisch zu bringen, das nach Ihrem Geschmack zubereitet wird. Das Geheimnis ist eine Kombination aus hochwertigen Rohstoffen, einer idealen Reifung von 28 Tagen in unserem Haus, sowie pr\u00e4zisen Schnitten und einer [&hellip;]<\/p>\n","protected":false},"author":1,"featured_media":0,"parent":0,"menu_order":0,"comment_status":"closed","ping_status":"closed","template":"","meta":{"footnotes":""},"class_list":["post-965","page","type-page","status-publish","hentry"],"yoast_head":"<!-- This site is optimized with the Yoast SEO plugin v25.8 - https:\/\/yoast.com\/wordpress\/plugins\/seo\/ -->\n<title>Men\u00fc von Grill Brunellis Steakhouse American Style<\/title>\n<meta name=\"description\" content=\"Willkommen bei Brunelli&#039;s! Das beste Steakhaus auf dieser Seite des Atlantiks in Puerto de la Cruz. Konsultiere die Speisekarte und Fleischspezialit\u00e4ten.\" \/>\n<meta name=\"robots\" content=\"index, follow, max-snippet:-1, max-image-preview:large, max-video-preview:-1\" \/>\n<link rel=\"canonical\" href=\"https:\/\/brunellis.com\/de\/menue\/\" \/>\n<meta property=\"og:locale\" content=\"de_DE\" \/>\n<meta property=\"og:type\" content=\"article\" \/>\n<meta property=\"og:title\" content=\"Men\u00fc von Grill Brunellis Steakhouse American Style\" \/>\n<meta property=\"og:description\" content=\"Willkommen bei Brunelli&#039;s! Das beste Steakhaus auf dieser Seite des Atlantiks in Puerto de la Cruz. Konsultiere die Speisekarte und Fleischspezialit\u00e4ten.\" \/>\n<meta property=\"og:url\" content=\"https:\/\/brunellis.com\/de\/menue\/\" \/>\n<meta property=\"og:site_name\" content=\"Grill Brunelli&#039;s Steakhouse American Style\" \/>\n<meta property=\"article:publisher\" content=\"https:\/\/www.facebook.com\/brunellissteakhouse\/\" \/>\n<meta property=\"article:modified_time\" content=\"2025-03-03T09:59:18+00:00\" \/>\n<meta property=\"og:image\" content=\"https:\/\/brunellis.com\/app\/uploads\/2025\/03\/menu-2025_feb27-de_Page_1-scaled.jpg\" \/>\n\t<meta property=\"og:image:width\" content=\"1820\" \/>\n\t<meta property=\"og:image:height\" content=\"2560\" \/>\n\t<meta property=\"og:image:type\" content=\"image\/jpeg\" \/>\n<meta name=\"twitter:card\" content=\"summary_large_image\" \/>\n<meta name=\"twitter:site\" content=\"@brunellissteak\" \/>\n<meta name=\"twitter:label1\" content=\"Est. reading time\" \/>\n\t<meta name=\"twitter:data1\" content=\"2 minutes\" \/>\n<script type=\"application\/ld+json\" class=\"yoast-schema-graph\">{\"@context\":\"https:\/\/schema.org\",\"@graph\":[{\"@type\":\"WebPage\",\"@id\":\"https:\/\/brunellis.com\/de\/menue\/\",\"url\":\"https:\/\/brunellis.com\/de\/menue\/\",\"name\":\"Men\u00fc von Grill Brunellis Steakhouse American Style\",\"isPartOf\":{\"@id\":\"https:\/\/brunellis.com\/#website\"},\"primaryImageOfPage\":{\"@id\":\"https:\/\/brunellis.com\/de\/menue\/#primaryimage\"},\"image\":{\"@id\":\"https:\/\/brunellis.com\/de\/menue\/#primaryimage\"},\"thumbnailUrl\":\"https:\/\/brunellis.com\/app\/uploads\/2025\/03\/menu-2025_feb27-de_Page_1-scaled.jpg\",\"datePublished\":\"2023-04-04T14:32:15+00:00\",\"dateModified\":\"2025-03-03T09:59:18+00:00\",\"description\":\"Willkommen bei Brunelli's! Das beste Steakhaus auf dieser Seite des Atlantiks in Puerto de la Cruz. Konsultiere die Speisekarte und Fleischspezialit\u00e4ten.\",\"inLanguage\":\"de-DE\",\"potentialAction\":[{\"@type\":\"ReadAction\",\"target\":[\"https:\/\/brunellis.com\/de\/menue\/\"]}]},{\"@type\":\"ImageObject\",\"inLanguage\":\"de-DE\",\"@id\":\"https:\/\/brunellis.com\/de\/menue\/#primaryimage\",\"url\":\"https:\/\/brunellis.com\/app\/uploads\/2025\/03\/menu-2025_feb27-de_Page_1-scaled.jpg\",\"contentUrl\":\"https:\/\/brunellis.com\/app\/uploads\/2025\/03\/menu-2025_feb27-de_Page_1-scaled.jpg\"},{\"@type\":\"WebSite\",\"@id\":\"https:\/\/brunellis.com\/#website\",\"url\":\"https:\/\/brunellis.com\/\",\"name\":\"Grill Brunelli&#039;s Steakhouse American Style\",\"description\":\"El mejor steakhouse a este lado del Atl\u00e1ntico en el Puerto de la Cruz, Tenerife.\",\"publisher\":{\"@id\":\"https:\/\/brunellis.com\/#organization\"},\"potentialAction\":[{\"@type\":\"SearchAction\",\"target\":{\"@type\":\"EntryPoint\",\"urlTemplate\":\"https:\/\/brunellis.com\/?s={search_term_string}\"},\"query-input\":{\"@type\":\"PropertyValueSpecification\",\"valueRequired\":true,\"valueName\":\"search_term_string\"}}],\"inLanguage\":\"de-DE\"},{\"@type\":\"Organization\",\"@id\":\"https:\/\/brunellis.com\/#organization\",\"name\":\"Brunelli's SteakHouse\",\"url\":\"https:\/\/brunellis.com\/\",\"logo\":{\"@type\":\"ImageObject\",\"inLanguage\":\"de-DE\",\"@id\":\"https:\/\/brunellis.com\/#\/schema\/logo\/image\/\",\"url\":\"https:\/\/brunellis.com\/app\/uploads\/2023\/03\/brunellis-1.png\",\"contentUrl\":\"https:\/\/brunellis.com\/app\/uploads\/2023\/03\/brunellis-1.png\",\"width\":250,\"height\":319,\"caption\":\"Brunelli's SteakHouse\"},\"image\":{\"@id\":\"https:\/\/brunellis.com\/#\/schema\/logo\/image\/\"},\"sameAs\":[\"https:\/\/www.facebook.com\/brunellissteakhouse\/\",\"https:\/\/x.com\/brunellissteak\",\"https:\/\/www.instagram.com\/brunellissteakhouse\/\"]}]}<\/script>\n<!-- \/ Yoast SEO plugin. -->","yoast_head_json":{"title":"Men\u00fc von Grill Brunellis Steakhouse American Style","description":"Willkommen bei Brunelli's! Das beste Steakhaus auf dieser Seite des Atlantiks in Puerto de la Cruz. Konsultiere die Speisekarte und Fleischspezialit\u00e4ten.","robots":{"index":"index","follow":"follow","max-snippet":"max-snippet:-1","max-image-preview":"max-image-preview:large","max-video-preview":"max-video-preview:-1"},"canonical":"https:\/\/brunellis.com\/de\/menue\/","og_locale":"de_DE","og_type":"article","og_title":"Men\u00fc von Grill Brunellis Steakhouse American Style","og_description":"Willkommen bei Brunelli's! Das beste Steakhaus auf dieser Seite des Atlantiks in Puerto de la Cruz. Konsultiere die Speisekarte und Fleischspezialit\u00e4ten.","og_url":"https:\/\/brunellis.com\/de\/menue\/","og_site_name":"Grill Brunelli&#039;s Steakhouse American Style","article_publisher":"https:\/\/www.facebook.com\/brunellissteakhouse\/","article_modified_time":"2025-03-03T09:59:18+00:00","og_image":[{"width":1820,"height":2560,"url":"https:\/\/brunellis.com\/app\/uploads\/2025\/03\/menu-2025_feb27-de_Page_1-scaled.jpg","type":"image\/jpeg"}],"twitter_card":"summary_large_image","twitter_site":"@brunellissteak","twitter_misc":{"Est. reading time":"2 minutes"},"schema":{"@context":"https:\/\/schema.org","@graph":[{"@type":"WebPage","@id":"https:\/\/brunellis.com\/de\/menue\/","url":"https:\/\/brunellis.com\/de\/menue\/","name":"Men\u00fc von Grill Brunellis Steakhouse American Style","isPartOf":{"@id":"https:\/\/brunellis.com\/#website"},"primaryImageOfPage":{"@id":"https:\/\/brunellis.com\/de\/menue\/#primaryimage"},"image":{"@id":"https:\/\/brunellis.com\/de\/menue\/#primaryimage"},"thumbnailUrl":"https:\/\/brunellis.com\/app\/uploads\/2025\/03\/menu-2025_feb27-de_Page_1-scaled.jpg","datePublished":"2023-04-04T14:32:15+00:00","dateModified":"2025-03-03T09:59:18+00:00","description":"Willkommen bei Brunelli's! Das beste Steakhaus auf dieser Seite des Atlantiks in Puerto de la Cruz. Konsultiere die Speisekarte und Fleischspezialit\u00e4ten.","inLanguage":"de-DE","potentialAction":[{"@type":"ReadAction","target":["https:\/\/brunellis.com\/de\/menue\/"]}]},{"@type":"ImageObject","inLanguage":"de-DE","@id":"https:\/\/brunellis.com\/de\/menue\/#primaryimage","url":"https:\/\/brunellis.com\/app\/uploads\/2025\/03\/menu-2025_feb27-de_Page_1-scaled.jpg","contentUrl":"https:\/\/brunellis.com\/app\/uploads\/2025\/03\/menu-2025_feb27-de_Page_1-scaled.jpg"},{"@type":"WebSite","@id":"https:\/\/brunellis.com\/#website","url":"https:\/\/brunellis.com\/","name":"Grill Brunelli&#039;s Steakhouse American Style","description":"El mejor steakhouse a este lado del Atl\u00e1ntico en el Puerto de la Cruz, Tenerife.","publisher":{"@id":"https:\/\/brunellis.com\/#organization"},"potentialAction":[{"@type":"SearchAction","target":{"@type":"EntryPoint","urlTemplate":"https:\/\/brunellis.com\/?s={search_term_string}"},"query-input":{"@type":"PropertyValueSpecification","valueRequired":true,"valueName":"search_term_string"}}],"inLanguage":"de-DE"},{"@type":"Organization","@id":"https:\/\/brunellis.com\/#organization","name":"Brunelli's SteakHouse","url":"https:\/\/brunellis.com\/","logo":{"@type":"ImageObject","inLanguage":"de-DE","@id":"https:\/\/brunellis.com\/#\/schema\/logo\/image\/","url":"https:\/\/brunellis.com\/app\/uploads\/2023\/03\/brunellis-1.png","contentUrl":"https:\/\/brunellis.com\/app\/uploads\/2023\/03\/brunellis-1.png","width":250,"height":319,"caption":"Brunelli's SteakHouse"},"image":{"@id":"https:\/\/brunellis.com\/#\/schema\/logo\/image\/"},"sameAs":["https:\/\/www.facebook.com\/brunellissteakhouse\/","https:\/\/x.com\/brunellissteak","https:\/\/www.instagram.com\/brunellissteakhouse\/"]}]}},"_links":{"self":[{"href":"https:\/\/brunellis.com\/de\/wp-json\/wp\/v2\/pages\/965","targetHints":{"allow":["GET"]}}],"collection":[{"href":"https:\/\/brunellis.com\/de\/wp-json\/wp\/v2\/pages"}],"about":[{"href":"https:\/\/brunellis.com\/de\/wp-json\/wp\/v2\/types\/page"}],"author":[{"embeddable":true,"href":"https:\/\/brunellis.com\/de\/wp-json\/wp\/v2\/users\/1"}],"replies":[{"embeddable":true,"href":"https:\/\/brunellis.com\/de\/wp-json\/wp\/v2\/comments?post=965"}],"version-history":[{"count":46,"href":"https:\/\/brunellis.com\/de\/wp-json\/wp\/v2\/pages\/965\/revisions"}],"predecessor-version":[{"id":3024,"href":"https:\/\/brunellis.com\/de\/wp-json\/wp\/v2\/pages\/965\/revisions\/3024"}],"wp:attachment":[{"href":"https:\/\/brunellis.com\/de\/wp-json\/wp\/v2\/media?parent=965"}],"curies":[{"name":"wp","href":"https:\/\/api.w.org\/{rel}","templated":true}]}}