{"id":947,"date":"2023-04-05T10:03:50","date_gmt":"2023-04-05T10:03:50","guid":{"rendered":"https:\/\/brunellis.com\/?page_id=947"},"modified":"2023-06-29T14:49:58","modified_gmt":"2023-06-29T14:49:58","slug":"datenschutzbestimmungen","status":"publish","type":"page","link":"https:\/\/brunellis.com\/de\/datenschutzbestimmungen\/","title":{"rendered":"DATENSCHUTZBESTIMMUNGEN"},"content":{"rendered":"<h1 style=\"text-align: center;\"><strong>DATENSCHUTZBESTIMMUNGEN<\/strong><\/h1>\n<p>&nbsp;<\/p>\n<p>Bei BRUNELLI&#8217;S, S.L. setzen wir unsere Arbeit zum Schutz Ihrer pers\u00f6nlichen Daten fort und aktualisieren unsere Datenschutzpolitik, um Sie \u00fcber die Art und Weise zu informieren, wie wir alle Daten der Personen, die uns auf irgendeine Weise kontaktieren, sammeln, verwenden und speichern, und zwar gem\u00e4\u00df den folgenden Abschnitten:<\/p>\n<p>I.- Inhaber der Datenverarbeitung.<\/p>\n<p>II.- Zwecke der Datenverarbeitung.<\/p>\n<p>III.- Wie lange Ihre pers\u00f6nlichen Daten aufbewahrt werden.<\/p>\n<p>IV.- Auf welche Weise wird die Verarbeitung Ihrer personenbezogenen Daten legitimiert?<\/p>\n<p>V.- Wer kann Zugang zu Ihren personenbezogenen Daten haben?<\/p>\n<p>VI.- Welche Rechte haben Sie als Nutzer?<\/p>\n<p>VII.- Daten von Dritten<\/p>\n<p>VIII.- Ab welchem Alter kann der Nutzer auf unsere Produkte und Dienstleistungen zugreifen?<\/p>\n<p>IX.- Eingef\u00fchrte Sicherheitsma\u00dfnahmen.<\/p>\n<p>X.- Cookies<\/p>\n<p><strong>I.- INHABER DER DATEN.<\/strong><\/p>\n<p>Der Interessent (Nutzer), der BRUNELLI&#8217;S, S.L. personenbezogene Daten \u00fcber soziale Netzwerke oder Online-Plattformen zur Verf\u00fcgung stellt, wird dar\u00fcber informiert, dass der Verantwortliche f\u00fcr die Verarbeitung der zur Verf\u00fcgung gestellten personenbezogenen Daten BRUNELLI&#8217;S, S.L. mit der C.I.F. B-76651645 und der Adresse calle P\u00e9rez de Rozas, 13, piso 5\u00ba, derecha, 38003 &#8211; Santa Cruz de Tenerife, Spanien ist. Telefon 639.210.029 und E-Mail-Adresse info@brunellis.com.<\/p>\n<p>Als Inhaber der Datenverarbeitung wird BRUNELLI&#8217;S, S.L. ausdr\u00fccklich die Zustimmung des Benutzers zu dieser Datenschutzpolitik einholen.<\/p>\n<p>Im Falle von Zweifeln bez\u00fcglich des Datenschutzes kann sich der Nutzer an BRUNELLI&#8217;S, S.L. wenden, und es wird ihm umgehend weitergeholfen.<\/p>\n<p><strong>II.- ZWECKE DER DATENVERARBEITUNG.<\/strong><\/p>\n<p>Je nach dem Grund, aus dem der Benutzer mit uns, BRUNELLI&#8217;S, S.L., in Kontakt getreten ist, hat die Verarbeitung der \u00fcbermittelten Daten die folgenden Ziele oder Zwecke:<\/p>\n<p>&#8211; Verwaltung der Eink\u00e4ufe und Anfragen, die der Benutzer \u00fcber unsere Webseiten get\u00e4tigt hat.<\/p>\n<p>&#8211; Kontaktaufnahme mit dem Benutzer, um seine Anfragen, W\u00fcnsche oder Fragen zu beantworten.<\/p>\n<p>&#8211; Dem Benutzer mit allen Mitteln, vorzugsweise durch Zusendung kommerzieller Mitteilungen an die vom Benutzer angegebenen E-Mail-Adressen, \u00fcber Dienstleistungen, Werbeaktionen, Neuigkeiten und Produkte von BRUNELLI&#8217;S, S.L. zu informieren.<\/p>\n<p>&#8211; Verwaltung und Kontrolle des Kundenportfolios, Bearbeitung von Serviceanfragen sowie deren Fakturierung und Inkasso.<\/p>\n<p>&#8211; Durchf\u00fchrung von Werbema\u00dfnahmen, einschlie\u00dflich des Versands kommerzieller Mitteilungen an die vom Nutzer angegebene E-Mail-Adresse von Unternehmen, die mit BRUNELLI&#8217;S, S.L. zusammenarbeiten und sich der Forschung, der Lehre und dem Naturschutz widmen.<\/p>\n<p>&#8211; Einbindung des Benutzers in Werbeaktivit\u00e4ten wie Spiele, Wettbewerbe und Verlosungen, die \u00fcber unsere Website durchgef\u00fchrt werden.<\/p>\n<p>&#8211; Gegebenenfalls Erstellung eines Benutzerprofils, das eine bessere Beziehung zwischen BRUNELLI&#8217;S, S.L. und dem Benutzer erm\u00f6glicht, um m\u00f6gliche Angebote in Bezug auf unsere Produkte und Dienstleistungen zu optimieren.<\/p>\n<p>&#8211; Einholung von Lebensl\u00e4ufen zum Zweck der Personalauswahl.<\/p>\n<p><strong>III.- DAUER DER DATENVERARBEITUNG. DAUER DER SPEICHERUNG IHRER PERS\u00d6NLICHEN DATEN.<\/strong><\/p>\n<p>Die pers\u00f6nlichen Daten des Nutzers werden von BRUNELLI&#8217;S, S.L. f\u00fcr die gesetzlich zul\u00e4ssige Dauer gespeichert, je nach dem Grund, f\u00fcr den der Nutzer uns die Daten zur Verf\u00fcgung gestellt hat.<\/p>\n<p>Daten, die zu Werbezwecken erhoben wurden, werden f\u00fcr einen Zeitraum von zwei Jahren gespeichert, es sei denn, der Nutzer widerruft dies ausdr\u00fccklich im Voraus.<\/p>\n<p>Zu Zwecken der Rechnungsstellung und des Inkassos von Dienstleistungen werden die Daten gegebenenfalls f\u00fcr die Dauer des Vertragsverh\u00e4ltnisses aufbewahrt, zuz\u00fcglich der gesetzlich vorgeschriebenen Aufbewahrungsfrist und bis zum Ablauf der Verj\u00e4hrungsfrist f\u00fcr die Geltendmachung hypothetischer vertraglicher Verpflichtungen BRUNELLI&#8217;S, S.L..<\/p>\n<p>Die f\u00fcr die Verwaltung von Anfragen und Antr\u00e4gen erhobenen Daten werden f\u00fcr einen Zeitraum von maximal einem Jahr gespeichert.<\/p>\n<p>Die Daten, die anl\u00e4sslich der Teilnahme an Werbeaktionen wie Spielen, Verlosungen und Wettbewerben erhoben werden, werden f\u00fcr die Dauer dieser Aktionen zum Zwecke ihrer effektiven Abwicklung gem\u00e4\u00df den Teilnahmebedingungen und bis zum Eintritt der Wirkungen der Teilnahme des Nutzers an ihnen gespeichert.<\/p>\n<p>Die Daten, die f\u00fcr die Zwecke der Kommunikation und der kommerziellen Profile zur Verf\u00fcgung gestellt werden, werden von BRUNELLI&#8217;S, S.L. aufbewahrt und haben keine maximale Verwendungsdauer, es sei denn, der Benutzer verlangt ausdr\u00fccklich ihre L\u00f6schung.<\/p>\n<p>Die Daten des Lebenslaufs werden w\u00e4hrend des Auswahlverfahrens und f\u00fcr ein weiteres Jahr gespeichert.<\/p>\n<p><strong>IV. &#8211; WELCHE RECHTM\u00c4SSIGKEIT BESTEHT F\u00dcR DIE VERARBEITUNG IHRER PERSONENBEZOGENEN DATEN?<\/strong><\/p>\n<p>Die vom Nutzer zur Verf\u00fcgung gestellten personenbezogenen Daten sind letztlich dazu bestimmt, BRUNELLI&#8217;S, S.L. in die Lage zu versetzen, die von Ihnen angebotenen und akzeptierten Dienstleistungen zu erbringen, sowie BRUNELLI&#8217;S, S.L. in die Lage zu versetzen, sein legitimes Recht auf Wachstum als Gr\u00fcndungsunternehmen durch Kundenbindung und das Angebot neuer Dienstleistungen und Produkte weiterhin wahrzunehmen.<\/p>\n<p><strong>V.- WER KANN ZUGANG ZU IHREN PERS\u00d6NLICHEN DATEN HABEN?<\/strong><\/p>\n<p>Die personenbezogenen Daten k\u00f6nnen auf ausdr\u00fccklichen Wunsch des Nutzers und mit dessen Zustimmung zu den oben genannten Zwecken an Unternehmen \u00fcbermittelt werden, die mit BRUNELLI&#8217;S, S.L. zusammenarbeiten.<\/p>\n<p>BRUNELLI&#8217;S, S.L. kann personenbezogene Daten weitergeben oder \u00fcbermitteln, um seinen Verpflichtungen gegen\u00fcber den \u00f6ffentlichen Verwaltungen nachzukommen, wenn dies in \u00dcbereinstimmung mit der geltenden Gesetzgebung formell erforderlich ist. Ebenso wird sie verfahren, wenn sie von den staatlichen Sicherheitskr\u00e4ften und den Justizbeh\u00f6rden in Aus\u00fcbung ihrer Befugnisse dazu aufgefordert wird.<\/p>\n<p><strong>VI.- WELCHE RECHTE HABEN SIE ALS NUTZER?<\/strong><\/p>\n<p>Alle Nutzer haben das Recht, ihre Rechte auf Zugang, Berichtigung, Widerspruch, L\u00f6schung, \u00dcbertragbarkeit und Einschr\u00e4nkung der Verarbeitung ihrer personenbezogenen Daten auszu\u00fcben.<\/p>\n<p>Diese Rechte bestehen aus:<\/p>\n<p>Zugang zu allen Daten, die wir \u00fcber den Nutzer haben.<\/p>\n<p>Berichtigung der Daten, \u00fcber die wir bereits verf\u00fcgen, unter Ber\u00fccksichtigung der Tatsache, dass der Nutzer durch die Bereitstellung der Daten garantiert, dass diese wahrheitsgetreu und korrekt sind, und sich verpflichtet, uns \u00fcber alle \u00c4nderungen oder Modifikationen zu informieren. F\u00fcr Sch\u00e4den, die der Plattform oder dem Verantwortlichen der Plattform oder einem Dritten durch die \u00dcbermittlung falscher, ungenauer oder unvollst\u00e4ndiger Angaben in den Registrierungsformularen entstehen, haftet allein der Nutzer.<\/p>\n<p>L\u00f6schung der Daten des Nutzers, wenn sie f\u00fcr den Zweck der Verarbeitung nicht mehr erforderlich sind oder wenn die Legitimation oder Erlaubnis des Nutzers nicht mehr vorliegt.<\/p>\n<p>Einschr\u00e4nkung der Verarbeitung Ihrer Daten. Der Nutzer kann uns bitten, die Verarbeitung der Daten vor\u00fcbergehend auszusetzen oder sie f\u00fcr einen l\u00e4ngeren Zeitraum aufzubewahren, wenn er sie ben\u00f6tigt.<\/p>\n<p>Widerspruch gegen die Verarbeitung der Daten des Nutzers, der in folgenden F\u00e4llen ausge\u00fcbt werden kann: (i) Wenn die Daten auf der Grundlage eines Auftrags im \u00f6ffentlichen Interesse oder eines berechtigten Interesses, einschlie\u00dflich Profiling, verarbeitet werden. (ii) Wenn der Zweck der Verarbeitung Direktmarketing ist, ebenfalls einschlie\u00dflich Profiling.<\/p>\n<p>Ebenso kann der Nutzer die automatisierte Verarbeitung der von BRUNELLI&#8217;S, S.L. gesammelten personenbezogenen Daten ablehnen.<\/p>\n<p>Die Rechte des Nutzers k\u00f6nnen \u00fcber die in Abschnitt &#8220;I&#8221; dieser Datenschutzrichtlinie aufgef\u00fchrten Kontaktm\u00f6glichkeiten geltend gemacht werden.<\/p>\n<p>Wenn der Nutzer mit der Behandlung, die BRUNELLI&#8217;S, S.L. dem Nutzer bei der Aus\u00fcbung seiner Rechte zuteil werden l\u00e4sst, nicht einverstanden ist, kann er sich bei der spanischen Datenschutzbeh\u00f6rde und bei jeder anderen zust\u00e4ndigen Aufsichtsbeh\u00f6rde beschweren.<\/p>\n<p>Der Nutzer kann die oben genannten Rechte aus\u00fcben oder die Zustimmung zur Verarbeitung widerrufen, die er BRUNELLI&#8217;S, S.L. gegeben hat, oder eine Klarstellung verlangen, indem er eine ausdr\u00fcckliche Anfrage an die E-Mail-Adresse gdpr@loroparque.com schickt und nachweist, dass er der Inhaber der Daten ist, f\u00fcr die er seine Rechte aus\u00fcben m\u00f6chte.<\/p>\n<p><strong>VII.- DATEN VON DRITTPARTEIEN<\/strong><\/p>\n<p>Wenn personenbezogene Daten von anderen Dritten als dem Nutzer erhoben werden, werden diese zuvor \u00fcber den Inhalt von Art. 14 der Allgemeinen Datenschutzverordnung informiert.<\/p>\n<p><strong>VIII- AB WELCHEM ALTER KANN DER NUTZER AUF UNSERE PRODUKTE UND DIENSTLEISTUNGEN ZUGREIFEN?<\/strong><\/p>\n<p>In der Regel und in \u00dcbereinstimmung mit Artikel 8 der neuen allgemeinen Datenschutzverordnung gilt in den F\u00e4llen, in denen Artikel 6 Absatz 1 Buchstabe a in Bezug auf das direkte Angebot von Diensten der Informationsgesellschaft f\u00fcr Kinder Anwendung findet, die Verarbeitung der personenbezogenen Daten eines Kindes als rechtm\u00e4\u00dfig, wenn das Kind mindestens 16 Jahre alt ist. Ist das Kind j\u00fcnger als 16 Jahre, so ist die Verarbeitung nur dann rechtm\u00e4\u00dfig, wenn der Tr\u00e4ger der elterlichen Verantwortung oder der Vormundschaft f\u00fcr das Kind eingewilligt hat oder dies genehmigt hat.<\/p>\n<p><strong>IX.- IMPLEMENTIERTE SICHERHEITSMASSNAHMEN.<\/strong><\/p>\n<p>BRUNELLI&#8217;S, S.L. verpflichtet sich, die gesetzlich festgelegten Verpflichtungen in Bezug auf personenbezogene Daten einzuhalten, und hat alle notwendigen Kontrollma\u00dfnahmen ergriffen und wird diese auch in Zukunft ergreifen, um zu verhindern, dass die von den Nutzern bereitgestellten Daten ge\u00e4ndert und\/oder unbefugt eingesehen oder verarbeitet werden k\u00f6nnen. Zu diesem Zweck unterh\u00e4lt BRUNELLI&#8217;S, S.L. die technischen und organisatorischen Sicherheitsma\u00dfnahmen, um die Sicherheit der pers\u00f6nlichen Daten der Benutzer gem\u00e4\u00df den geltenden Vorschriften zu gew\u00e4hrleisten.<\/p>\n<p><strong>X.- COOKIES<\/strong><\/p>\n<p>BRUNELLI&#8217;S, S.L. informiert die Nutzer dar\u00fcber, dass beim Zugriff auf die Website Cookies an ihren Computer gesendet werden k\u00f6nnen, und zwar gem\u00e4\u00df den in der in den Nutzungsbedingungen der Website enthaltenen Cookie-Politik beschriebenen Methoden.<\/p>\n","protected":false},"excerpt":{"rendered":"<p>DATENSCHUTZBESTIMMUNGEN &nbsp; Bei BRUNELLI&#8217;S, S.L. setzen wir unsere Arbeit zum Schutz Ihrer pers\u00f6nlichen Daten fort und aktualisieren unsere Datenschutzpolitik, um Sie \u00fcber die Art und Weise zu informieren, wie wir alle Daten der Personen, die uns auf irgendeine Weise kontaktieren, sammeln, verwenden und speichern, und zwar gem\u00e4\u00df den folgenden Abschnitten: I.- Inhaber der Datenverarbeitung. II.- [&hellip;]<\/p>\n","protected":false},"author":1,"featured_media":0,"parent":0,"menu_order":0,"comment_status":"closed","ping_status":"closed","template":"","meta":{"footnotes":""},"class_list":["post-947","page","type-page","status-publish","hentry"],"yoast_head":"<!-- This site is optimized with the Yoast SEO plugin v25.8 - https:\/\/yoast.com\/wordpress\/plugins\/seo\/ -->\n<title>DATENSCHUTZBESTIMMUNGEN &#8226; Grill Brunelli&#039;s Steakhouse American Style<\/title>\n<meta name=\"description\" content=\"El mejor Steakhouse a este lado del Atl\u00e1ntico en el Puerto de la Cruz, con la mejor selecci\u00f3n de carnes para llevar a su mesa el m\u00e1s delicioso steak a su gusto.\" \/>\n<meta name=\"robots\" content=\"noindex, nofollow\" \/>\n<meta property=\"og:locale\" content=\"de_DE\" \/>\n<meta property=\"og:type\" content=\"article\" \/>\n<meta property=\"og:title\" content=\"DATENSCHUTZBESTIMMUNGEN &#8226; Grill Brunelli&#039;s Steakhouse American Style\" \/>\n<meta property=\"og:description\" content=\"El mejor Steakhouse a este lado del Atl\u00e1ntico en el Puerto de la Cruz, con la mejor selecci\u00f3n de carnes para llevar a su mesa el m\u00e1s delicioso steak a su gusto.\" \/>\n<meta property=\"og:url\" content=\"https:\/\/brunellis.com\/de\/datenschutzbestimmungen\/\" \/>\n<meta property=\"og:site_name\" content=\"Grill Brunelli&#039;s Steakhouse American Style\" \/>\n<meta property=\"article:publisher\" content=\"https:\/\/www.facebook.com\/brunellissteakhouse\/\" \/>\n<meta property=\"article:modified_time\" content=\"2023-06-29T14:49:58+00:00\" \/>\n<meta property=\"og:image\" content=\"https:\/\/brunellis.com\/app\/uploads\/2023\/06\/brunellis-2.png\" \/>\n\t<meta property=\"og:image:width\" content=\"900\" \/>\n\t<meta property=\"og:image:height\" content=\"378\" \/>\n\t<meta property=\"og:image:type\" content=\"image\/png\" \/>\n<meta name=\"twitter:card\" content=\"summary_large_image\" \/>\n<meta name=\"twitter:site\" content=\"@brunellissteak\" \/>\n<meta name=\"twitter:label1\" content=\"Est. reading time\" \/>\n\t<meta name=\"twitter:data1\" content=\"7 minutes\" \/>\n<script type=\"application\/ld+json\" class=\"yoast-schema-graph\">{\"@context\":\"https:\/\/schema.org\",\"@graph\":[{\"@type\":\"WebPage\",\"@id\":\"https:\/\/brunellis.com\/de\/datenschutzbestimmungen\/\",\"url\":\"https:\/\/brunellis.com\/de\/datenschutzbestimmungen\/\",\"name\":\"DATENSCHUTZBESTIMMUNGEN &#8226; Grill Brunelli&#039;s Steakhouse American Style\",\"isPartOf\":{\"@id\":\"https:\/\/brunellis.com\/#website\"},\"datePublished\":\"2023-04-05T10:03:50+00:00\",\"dateModified\":\"2023-06-29T14:49:58+00:00\",\"description\":\"El mejor Steakhouse a este lado del Atl\u00e1ntico en el Puerto de la Cruz, con la mejor selecci\u00f3n de carnes para llevar a su mesa el m\u00e1s delicioso steak a su gusto.\",\"inLanguage\":\"de-DE\",\"potentialAction\":[{\"@type\":\"ReadAction\",\"target\":[\"https:\/\/brunellis.com\/de\/datenschutzbestimmungen\/\"]}]},{\"@type\":\"WebSite\",\"@id\":\"https:\/\/brunellis.com\/#website\",\"url\":\"https:\/\/brunellis.com\/\",\"name\":\"Grill Brunelli&#039;s Steakhouse American Style\",\"description\":\"El mejor steakhouse a este lado del Atl\u00e1ntico en el Puerto de la Cruz, Tenerife.\",\"publisher\":{\"@id\":\"https:\/\/brunellis.com\/#organization\"},\"potentialAction\":[{\"@type\":\"SearchAction\",\"target\":{\"@type\":\"EntryPoint\",\"urlTemplate\":\"https:\/\/brunellis.com\/?s={search_term_string}\"},\"query-input\":{\"@type\":\"PropertyValueSpecification\",\"valueRequired\":true,\"valueName\":\"search_term_string\"}}],\"inLanguage\":\"de-DE\"},{\"@type\":\"Organization\",\"@id\":\"https:\/\/brunellis.com\/#organization\",\"name\":\"Brunelli's SteakHouse\",\"url\":\"https:\/\/brunellis.com\/\",\"logo\":{\"@type\":\"ImageObject\",\"inLanguage\":\"de-DE\",\"@id\":\"https:\/\/brunellis.com\/#\/schema\/logo\/image\/\",\"url\":\"https:\/\/brunellis.com\/app\/uploads\/2023\/03\/brunellis-1.png\",\"contentUrl\":\"https:\/\/brunellis.com\/app\/uploads\/2023\/03\/brunellis-1.png\",\"width\":250,\"height\":319,\"caption\":\"Brunelli's SteakHouse\"},\"image\":{\"@id\":\"https:\/\/brunellis.com\/#\/schema\/logo\/image\/\"},\"sameAs\":[\"https:\/\/www.facebook.com\/brunellissteakhouse\/\",\"https:\/\/x.com\/brunellissteak\",\"https:\/\/www.instagram.com\/brunellissteakhouse\/\"]}]}<\/script>\n<!-- \/ Yoast SEO plugin. -->","yoast_head_json":{"title":"DATENSCHUTZBESTIMMUNGEN &#8226; Grill Brunelli&#039;s Steakhouse American Style","description":"El mejor Steakhouse a este lado del Atl\u00e1ntico en el Puerto de la Cruz, con la mejor selecci\u00f3n de carnes para llevar a su mesa el m\u00e1s delicioso steak a su gusto.","robots":{"index":"noindex","follow":"nofollow"},"og_locale":"de_DE","og_type":"article","og_title":"DATENSCHUTZBESTIMMUNGEN &#8226; Grill Brunelli&#039;s Steakhouse American Style","og_description":"El mejor Steakhouse a este lado del Atl\u00e1ntico en el Puerto de la Cruz, con la mejor selecci\u00f3n de carnes para llevar a su mesa el m\u00e1s delicioso steak a su gusto.","og_url":"https:\/\/brunellis.com\/de\/datenschutzbestimmungen\/","og_site_name":"Grill Brunelli&#039;s Steakhouse American Style","article_publisher":"https:\/\/www.facebook.com\/brunellissteakhouse\/","article_modified_time":"2023-06-29T14:49:58+00:00","og_image":[{"width":900,"height":378,"url":"https:\/\/brunellis.com\/app\/uploads\/2023\/06\/brunellis-2.png","type":"image\/png"}],"twitter_card":"summary_large_image","twitter_site":"@brunellissteak","twitter_misc":{"Est. reading time":"7 minutes"},"schema":{"@context":"https:\/\/schema.org","@graph":[{"@type":"WebPage","@id":"https:\/\/brunellis.com\/de\/datenschutzbestimmungen\/","url":"https:\/\/brunellis.com\/de\/datenschutzbestimmungen\/","name":"DATENSCHUTZBESTIMMUNGEN &#8226; Grill Brunelli&#039;s Steakhouse American Style","isPartOf":{"@id":"https:\/\/brunellis.com\/#website"},"datePublished":"2023-04-05T10:03:50+00:00","dateModified":"2023-06-29T14:49:58+00:00","description":"El mejor Steakhouse a este lado del Atl\u00e1ntico en el Puerto de la Cruz, con la mejor selecci\u00f3n de carnes para llevar a su mesa el m\u00e1s delicioso steak a su gusto.","inLanguage":"de-DE","potentialAction":[{"@type":"ReadAction","target":["https:\/\/brunellis.com\/de\/datenschutzbestimmungen\/"]}]},{"@type":"WebSite","@id":"https:\/\/brunellis.com\/#website","url":"https:\/\/brunellis.com\/","name":"Grill Brunelli&#039;s Steakhouse American Style","description":"El mejor steakhouse a este lado del Atl\u00e1ntico en el Puerto de la Cruz, Tenerife.","publisher":{"@id":"https:\/\/brunellis.com\/#organization"},"potentialAction":[{"@type":"SearchAction","target":{"@type":"EntryPoint","urlTemplate":"https:\/\/brunellis.com\/?s={search_term_string}"},"query-input":{"@type":"PropertyValueSpecification","valueRequired":true,"valueName":"search_term_string"}}],"inLanguage":"de-DE"},{"@type":"Organization","@id":"https:\/\/brunellis.com\/#organization","name":"Brunelli's SteakHouse","url":"https:\/\/brunellis.com\/","logo":{"@type":"ImageObject","inLanguage":"de-DE","@id":"https:\/\/brunellis.com\/#\/schema\/logo\/image\/","url":"https:\/\/brunellis.com\/app\/uploads\/2023\/03\/brunellis-1.png","contentUrl":"https:\/\/brunellis.com\/app\/uploads\/2023\/03\/brunellis-1.png","width":250,"height":319,"caption":"Brunelli's SteakHouse"},"image":{"@id":"https:\/\/brunellis.com\/#\/schema\/logo\/image\/"},"sameAs":["https:\/\/www.facebook.com\/brunellissteakhouse\/","https:\/\/x.com\/brunellissteak","https:\/\/www.instagram.com\/brunellissteakhouse\/"]}]}},"_links":{"self":[{"href":"https:\/\/brunellis.com\/de\/wp-json\/wp\/v2\/pages\/947","targetHints":{"allow":["GET"]}}],"collection":[{"href":"https:\/\/brunellis.com\/de\/wp-json\/wp\/v2\/pages"}],"about":[{"href":"https:\/\/brunellis.com\/de\/wp-json\/wp\/v2\/types\/page"}],"author":[{"embeddable":true,"href":"https:\/\/brunellis.com\/de\/wp-json\/wp\/v2\/users\/1"}],"replies":[{"embeddable":true,"href":"https:\/\/brunellis.com\/de\/wp-json\/wp\/v2\/comments?post=947"}],"version-history":[{"count":6,"href":"https:\/\/brunellis.com\/de\/wp-json\/wp\/v2\/pages\/947\/revisions"}],"predecessor-version":[{"id":1140,"href":"https:\/\/brunellis.com\/de\/wp-json\/wp\/v2\/pages\/947\/revisions\/1140"}],"wp:attachment":[{"href":"https:\/\/brunellis.com\/de\/wp-json\/wp\/v2\/media?parent=947"}],"curies":[{"name":"wp","href":"https:\/\/api.w.org\/{rel}","templated":true}]}}