{"id":918,"date":"2023-04-04T14:32:01","date_gmt":"2023-04-04T14:32:01","guid":{"rendered":"https:\/\/brunellis.com\/buch\/"},"modified":"2024-09-19T13:21:43","modified_gmt":"2024-09-19T13:21:43","slug":"reservierung","status":"publish","type":"page","link":"https:\/\/brunellis.com\/de\/reservierung\/","title":{"rendered":"RESERVIERUNG"},"content":{"rendered":"\t\t<div data-elementor-type=\"wp-page\" data-elementor-id=\"918\" class=\"elementor elementor-918 elementor-38\" data-elementor-post-type=\"page\">\n\t\t\t\t\t\t<section class=\"elementor-section elementor-top-section elementor-element elementor-element-47eaec7 elementor-section-boxed elementor-section-height-default elementor-section-height-default\" data-id=\"47eaec7\" data-element_type=\"section\">\n\t\t\t\t\t\t<div class=\"elementor-container elementor-column-gap-default\">\n\t\t\t\t\t<div class=\"elementor-column elementor-col-100 elementor-top-column elementor-element elementor-element-04f4b08\" data-id=\"04f4b08\" data-element_type=\"column\">\n\t\t\t<div class=\"elementor-widget-wrap elementor-element-populated\">\n\t\t\t\t\t\t<div class=\"elementor-element elementor-element-9d3c22b elementor-widget elementor-widget-heading\" data-id=\"9d3c22b\" data-element_type=\"widget\" data-widget_type=\"heading.default\">\n\t\t\t\t<div class=\"elementor-widget-container\">\n\t\t\t\t\t<h1 class=\"elementor-heading-title elementor-size-default\">Reservieren im Brunelli's Steakhouse<\/h1>\t\t\t\t<\/div>\n\t\t\t\t<\/div>\n\t\t\t\t<div class=\"elementor-element elementor-element-218351e elementor-widget elementor-widget-text-editor\" data-id=\"218351e\" data-element_type=\"widget\" data-widget_type=\"text-editor.default\">\n\t\t\t\t<div class=\"elementor-widget-container\">\n\t\t\t\t\t\t\t\t\t<p>Im Norden Teneriffas und mit einem spektakul\u00e4ren Blick auf die Geheimnisse des Atlantiks, zeichnen wir uns durch die Exquisitit\u00e4t unserer Produkte und die Leidenschaft f\u00fcr Qualit\u00e4tsfleisch aus. Inspiriert durch den erlesenen amerikanischen Steakhouse-Stil k\u00f6nnen Sie bei uns die besten Fleischsorten und Teilst\u00fccke genie\u00dfen. Dank unseres speziellen Southbend-Ofens, dem einzigen seiner Art auf den Kanarischen Inseln, garantieren wir eine Gartemperatur von mehr als 800\u00ba, authentische Aromen und ein zartes und saftiges Fleisch.<\/p>\t\t\t\t\t\t\t\t<\/div>\n\t\t\t\t<\/div>\n\t\t\t\t\t<\/div>\n\t\t<\/div>\n\t\t\t\t\t<\/div>\n\t\t<\/section>\n\t\t\t\t<section class=\"elementor-section elementor-top-section elementor-element elementor-element-aa28572 elementor-section-full_width elementor-section-height-min-height elementor-section-height-default elementor-section-items-middle\" data-id=\"aa28572\" data-element_type=\"section\">\n\t\t\t\t\t\t<div class=\"elementor-container elementor-column-gap-default\">\n\t\t\t\t\t<div class=\"elementor-column elementor-col-100 elementor-top-column elementor-element elementor-element-1521748\" data-id=\"1521748\" data-element_type=\"column\">\n\t\t\t<div class=\"elementor-widget-wrap elementor-element-populated\">\n\t\t\t\t\t\t<div class=\"elementor-element elementor-element-f06462a elementor-widget elementor-widget-html\" data-id=\"f06462a\" data-element_type=\"widget\" data-widget_type=\"html.default\">\n\t\t\t\t<div class=\"elementor-widget-container\">\n\t\t\t\t\t<script type=\"text\/javascript\"\n                                                                                               src=\"https:\/\/www.covermanager.com\/js\/iframeResizer.min.js\"><\/script><iframe\n                                                                    id=\"restaurante-brunellis\" title=\"Reservas\"\n                                                                    src=\"https:\/\/www.covermanager.com\/reservation\/module_restaurant\/restaurante-brunellis\/german\"\n                                                                    frameborder=\"0\" height=\"600\" width=\"100%\" onload=\"iFrameResize();\"><\/iframe>\t\t\t\t<\/div>\n\t\t\t\t<\/div>\n\t\t\t\t\t<\/div>\n\t\t<\/div>\n\t\t\t\t\t<\/div>\n\t\t<\/section>\n\t\t\t\t<\/div>\n\t\t","protected":false},"excerpt":{"rendered":"<p>Reservieren im Brunelli&#8217;s Steakhouse Im Norden Teneriffas und mit einem spektakul\u00e4ren Blick auf die Geheimnisse des Atlantiks, zeichnen wir uns durch die Exquisitit\u00e4t unserer Produkte und die Leidenschaft f\u00fcr Qualit\u00e4tsfleisch aus. Inspiriert durch den erlesenen amerikanischen Steakhouse-Stil k\u00f6nnen Sie bei uns die besten Fleischsorten und Teilst\u00fccke genie\u00dfen. Dank unseres speziellen Southbend-Ofens, dem einzigen seiner Art [&hellip;]<\/p>\n","protected":false},"author":1,"featured_media":790,"parent":0,"menu_order":0,"comment_status":"closed","ping_status":"closed","template":"","meta":{"footnotes":""},"class_list":["post-918","page","type-page","status-publish","has-post-thumbnail","hentry"],"yoast_head":"<!-- This site is optimized with the Yoast SEO plugin v25.8 - https:\/\/yoast.com\/wordpress\/plugins\/seo\/ -->\n<title>RESERVIERUNG &#8226; Grill Brunelli&#039;s Steakhouse American Style<\/title>\n<meta name=\"description\" content=\"Reserviere jetzt bei Brunelli&#039;s! Das beste Steakhouse in Puerto de la Cruz. Sorgf\u00e4ltig ausgew\u00e4hlte Fleischgerichte, die an deinen Tisch gebracht werden.\" \/>\n<meta name=\"robots\" content=\"index, follow, max-snippet:-1, max-image-preview:large, max-video-preview:-1\" \/>\n<link rel=\"canonical\" href=\"https:\/\/brunellis.com\/de\/reservierung\/\" \/>\n<meta property=\"og:locale\" content=\"de_DE\" \/>\n<meta property=\"og:type\" content=\"article\" \/>\n<meta property=\"og:title\" content=\"RESERVIERUNG &#8226; Grill Brunelli&#039;s Steakhouse American Style\" \/>\n<meta property=\"og:description\" content=\"Reserviere jetzt bei Brunelli&#039;s! Das beste Steakhouse in Puerto de la Cruz. Sorgf\u00e4ltig ausgew\u00e4hlte Fleischgerichte, die an deinen Tisch gebracht werden.\" \/>\n<meta property=\"og:url\" content=\"https:\/\/brunellis.com\/de\/reservierung\/\" \/>\n<meta property=\"og:site_name\" content=\"Grill Brunelli&#039;s Steakhouse American Style\" \/>\n<meta property=\"article:publisher\" content=\"https:\/\/www.facebook.com\/brunellissteakhouse\/\" \/>\n<meta property=\"article:modified_time\" content=\"2024-09-19T13:21:43+00:00\" \/>\n<meta property=\"og:image\" content=\"https:\/\/brunellis.com\/app\/uploads\/2023\/05\/Brunellis-Steakhouse-20Erupt.es-min.jpg\" \/>\n\t<meta property=\"og:image:width\" content=\"314\" \/>\n\t<meta property=\"og:image:height\" content=\"314\" \/>\n\t<meta property=\"og:image:type\" content=\"image\/jpeg\" \/>\n<meta name=\"twitter:card\" content=\"summary_large_image\" \/>\n<meta name=\"twitter:site\" content=\"@brunellissteak\" \/>\n<meta name=\"twitter:label1\" content=\"Est. reading time\" \/>\n\t<meta name=\"twitter:data1\" content=\"1 minute\" \/>\n<script type=\"application\/ld+json\" class=\"yoast-schema-graph\">{\"@context\":\"https:\/\/schema.org\",\"@graph\":[{\"@type\":\"WebPage\",\"@id\":\"https:\/\/brunellis.com\/de\/reservierung\/\",\"url\":\"https:\/\/brunellis.com\/de\/reservierung\/\",\"name\":\"RESERVIERUNG &#8226; Grill Brunelli&#039;s Steakhouse American Style\",\"isPartOf\":{\"@id\":\"https:\/\/brunellis.com\/#website\"},\"primaryImageOfPage\":{\"@id\":\"https:\/\/brunellis.com\/de\/reservierung\/#primaryimage\"},\"image\":{\"@id\":\"https:\/\/brunellis.com\/de\/reservierung\/#primaryimage\"},\"thumbnailUrl\":\"https:\/\/brunellis.com\/app\/uploads\/2023\/05\/Brunellis-Steakhouse-20Erupt.es-min.jpg\",\"datePublished\":\"2023-04-04T14:32:01+00:00\",\"dateModified\":\"2024-09-19T13:21:43+00:00\",\"description\":\"Reserviere jetzt bei Brunelli's! Das beste Steakhouse in Puerto de la Cruz. Sorgf\u00e4ltig ausgew\u00e4hlte Fleischgerichte, die an deinen Tisch gebracht werden.\",\"inLanguage\":\"de-DE\",\"potentialAction\":[{\"@type\":\"ReadAction\",\"target\":[\"https:\/\/brunellis.com\/de\/reservierung\/\"]}]},{\"@type\":\"ImageObject\",\"inLanguage\":\"de-DE\",\"@id\":\"https:\/\/brunellis.com\/de\/reservierung\/#primaryimage\",\"url\":\"https:\/\/brunellis.com\/app\/uploads\/2023\/05\/Brunellis-Steakhouse-20Erupt.es-min.jpg\",\"contentUrl\":\"https:\/\/brunellis.com\/app\/uploads\/2023\/05\/Brunellis-Steakhouse-20Erupt.es-min.jpg\",\"width\":314,\"height\":314},{\"@type\":\"WebSite\",\"@id\":\"https:\/\/brunellis.com\/#website\",\"url\":\"https:\/\/brunellis.com\/\",\"name\":\"Grill Brunelli&#039;s Steakhouse American Style\",\"description\":\"El mejor steakhouse a este lado del Atl\u00e1ntico en el Puerto de la Cruz, Tenerife.\",\"publisher\":{\"@id\":\"https:\/\/brunellis.com\/#organization\"},\"potentialAction\":[{\"@type\":\"SearchAction\",\"target\":{\"@type\":\"EntryPoint\",\"urlTemplate\":\"https:\/\/brunellis.com\/?s={search_term_string}\"},\"query-input\":{\"@type\":\"PropertyValueSpecification\",\"valueRequired\":true,\"valueName\":\"search_term_string\"}}],\"inLanguage\":\"de-DE\"},{\"@type\":\"Organization\",\"@id\":\"https:\/\/brunellis.com\/#organization\",\"name\":\"Brunelli's SteakHouse\",\"url\":\"https:\/\/brunellis.com\/\",\"logo\":{\"@type\":\"ImageObject\",\"inLanguage\":\"de-DE\",\"@id\":\"https:\/\/brunellis.com\/#\/schema\/logo\/image\/\",\"url\":\"https:\/\/brunellis.com\/app\/uploads\/2023\/03\/brunellis-1.png\",\"contentUrl\":\"https:\/\/brunellis.com\/app\/uploads\/2023\/03\/brunellis-1.png\",\"width\":250,\"height\":319,\"caption\":\"Brunelli's SteakHouse\"},\"image\":{\"@id\":\"https:\/\/brunellis.com\/#\/schema\/logo\/image\/\"},\"sameAs\":[\"https:\/\/www.facebook.com\/brunellissteakhouse\/\",\"https:\/\/x.com\/brunellissteak\",\"https:\/\/www.instagram.com\/brunellissteakhouse\/\"]}]}<\/script>\n<!-- \/ Yoast SEO plugin. -->","yoast_head_json":{"title":"RESERVIERUNG &#8226; Grill Brunelli&#039;s Steakhouse American Style","description":"Reserviere jetzt bei Brunelli's! Das beste Steakhouse in Puerto de la Cruz. Sorgf\u00e4ltig ausgew\u00e4hlte Fleischgerichte, die an deinen Tisch gebracht werden.","robots":{"index":"index","follow":"follow","max-snippet":"max-snippet:-1","max-image-preview":"max-image-preview:large","max-video-preview":"max-video-preview:-1"},"canonical":"https:\/\/brunellis.com\/de\/reservierung\/","og_locale":"de_DE","og_type":"article","og_title":"RESERVIERUNG &#8226; Grill Brunelli&#039;s Steakhouse American Style","og_description":"Reserviere jetzt bei Brunelli's! Das beste Steakhouse in Puerto de la Cruz. Sorgf\u00e4ltig ausgew\u00e4hlte Fleischgerichte, die an deinen Tisch gebracht werden.","og_url":"https:\/\/brunellis.com\/de\/reservierung\/","og_site_name":"Grill Brunelli&#039;s Steakhouse American Style","article_publisher":"https:\/\/www.facebook.com\/brunellissteakhouse\/","article_modified_time":"2024-09-19T13:21:43+00:00","og_image":[{"width":314,"height":314,"url":"https:\/\/brunellis.com\/app\/uploads\/2023\/05\/Brunellis-Steakhouse-20Erupt.es-min.jpg","type":"image\/jpeg"}],"twitter_card":"summary_large_image","twitter_site":"@brunellissteak","twitter_misc":{"Est. reading time":"1 minute"},"schema":{"@context":"https:\/\/schema.org","@graph":[{"@type":"WebPage","@id":"https:\/\/brunellis.com\/de\/reservierung\/","url":"https:\/\/brunellis.com\/de\/reservierung\/","name":"RESERVIERUNG &#8226; Grill Brunelli&#039;s Steakhouse American Style","isPartOf":{"@id":"https:\/\/brunellis.com\/#website"},"primaryImageOfPage":{"@id":"https:\/\/brunellis.com\/de\/reservierung\/#primaryimage"},"image":{"@id":"https:\/\/brunellis.com\/de\/reservierung\/#primaryimage"},"thumbnailUrl":"https:\/\/brunellis.com\/app\/uploads\/2023\/05\/Brunellis-Steakhouse-20Erupt.es-min.jpg","datePublished":"2023-04-04T14:32:01+00:00","dateModified":"2024-09-19T13:21:43+00:00","description":"Reserviere jetzt bei Brunelli's! Das beste Steakhouse in Puerto de la Cruz. Sorgf\u00e4ltig ausgew\u00e4hlte Fleischgerichte, die an deinen Tisch gebracht werden.","inLanguage":"de-DE","potentialAction":[{"@type":"ReadAction","target":["https:\/\/brunellis.com\/de\/reservierung\/"]}]},{"@type":"ImageObject","inLanguage":"de-DE","@id":"https:\/\/brunellis.com\/de\/reservierung\/#primaryimage","url":"https:\/\/brunellis.com\/app\/uploads\/2023\/05\/Brunellis-Steakhouse-20Erupt.es-min.jpg","contentUrl":"https:\/\/brunellis.com\/app\/uploads\/2023\/05\/Brunellis-Steakhouse-20Erupt.es-min.jpg","width":314,"height":314},{"@type":"WebSite","@id":"https:\/\/brunellis.com\/#website","url":"https:\/\/brunellis.com\/","name":"Grill Brunelli&#039;s Steakhouse American Style","description":"El mejor steakhouse a este lado del Atl\u00e1ntico en el Puerto de la Cruz, Tenerife.","publisher":{"@id":"https:\/\/brunellis.com\/#organization"},"potentialAction":[{"@type":"SearchAction","target":{"@type":"EntryPoint","urlTemplate":"https:\/\/brunellis.com\/?s={search_term_string}"},"query-input":{"@type":"PropertyValueSpecification","valueRequired":true,"valueName":"search_term_string"}}],"inLanguage":"de-DE"},{"@type":"Organization","@id":"https:\/\/brunellis.com\/#organization","name":"Brunelli's SteakHouse","url":"https:\/\/brunellis.com\/","logo":{"@type":"ImageObject","inLanguage":"de-DE","@id":"https:\/\/brunellis.com\/#\/schema\/logo\/image\/","url":"https:\/\/brunellis.com\/app\/uploads\/2023\/03\/brunellis-1.png","contentUrl":"https:\/\/brunellis.com\/app\/uploads\/2023\/03\/brunellis-1.png","width":250,"height":319,"caption":"Brunelli's SteakHouse"},"image":{"@id":"https:\/\/brunellis.com\/#\/schema\/logo\/image\/"},"sameAs":["https:\/\/www.facebook.com\/brunellissteakhouse\/","https:\/\/x.com\/brunellissteak","https:\/\/www.instagram.com\/brunellissteakhouse\/"]}]}},"_links":{"self":[{"href":"https:\/\/brunellis.com\/de\/wp-json\/wp\/v2\/pages\/918","targetHints":{"allow":["GET"]}}],"collection":[{"href":"https:\/\/brunellis.com\/de\/wp-json\/wp\/v2\/pages"}],"about":[{"href":"https:\/\/brunellis.com\/de\/wp-json\/wp\/v2\/types\/page"}],"author":[{"embeddable":true,"href":"https:\/\/brunellis.com\/de\/wp-json\/wp\/v2\/users\/1"}],"replies":[{"embeddable":true,"href":"https:\/\/brunellis.com\/de\/wp-json\/wp\/v2\/comments?post=918"}],"version-history":[{"count":13,"href":"https:\/\/brunellis.com\/de\/wp-json\/wp\/v2\/pages\/918\/revisions"}],"predecessor-version":[{"id":1708,"href":"https:\/\/brunellis.com\/de\/wp-json\/wp\/v2\/pages\/918\/revisions\/1708"}],"wp:featuredmedia":[{"embeddable":true,"href":"https:\/\/brunellis.com\/de\/wp-json\/wp\/v2\/media\/790"}],"wp:attachment":[{"href":"https:\/\/brunellis.com\/de\/wp-json\/wp\/v2\/media?parent=918"}],"curies":[{"name":"wp","href":"https:\/\/api.w.org\/{rel}","templated":true}]}}