{"id":1053,"date":"2023-04-05T10:01:14","date_gmt":"2023-04-05T10:01:14","guid":{"rendered":"https:\/\/brunellis.com\/?page_id=1053"},"modified":"2023-06-23T10:22:55","modified_gmt":"2023-06-23T10:22:55","slug":"rechtlicher-hinweis","status":"publish","type":"page","link":"https:\/\/brunellis.com\/de\/rechtlicher-hinweis\/","title":{"rendered":"Rechtlicher Hinweis"},"content":{"rendered":"<div class=\"inner_wrapper\">\n<div class=\"sidebar_content full_width\">\n<h1 style=\"text-align: center;\">Rechtlicher Hinweis<\/h1>\n<p>Die Internetdomain Brunellis.com ist Eigentum der Handelsgesellschaft &#8220;BRUNNELLI&#8217;S, S.L.&#8221;, eingetragen im Registro Mercantil de Santa Cruz de Tenerife, Blatt TF-64321, mit Adresse in Calle P\u00e9rez de Rozas, 13, piso 5\u00ba, derecha, 38003 &#8211; Santa Cruz de Tenerife, Spanien. Mercantil de Santa Cruz de Tenerife, Blatt TF-64321, mit Adresse in Calle P\u00e9rez de Rozas, 13, 5. Stock, rechts, 38003 &#8211; Santa Cruz de Tenerife, Spanien, mit C.I.F. Nummer B-76651645 und Telefon (+34) 639.210.029, Email: info@brunellis.com Copyright \u00a9 BRUNNELLI&#8217;S, S.L., Santa Cruz de Tenerife, 2013.<\/p>\n<p>IN JEDEM FALL SIND ALLE RECHTE VORBEHALTEN:<\/p>\n<p>Die vollst\u00e4ndige oder teilweise Vervielf\u00e4ltigung, Verbreitung, Zurverf\u00fcgungstellung, \u00f6ffentliche Wiedergabe und Nutzung der Inhalte dieser Website in jeglicher Form und Modalit\u00e4t ohne vorherige, ausdr\u00fcckliche und schriftliche Genehmigung, insbesondere die blo\u00dfe Vervielf\u00e4ltigung und\/oder Zurverf\u00fcgungstellung in Form von Zusammenfassungen, Rezensionen oder Pressespiegeln zu kommerziellen oder direkt oder indirekt lukrativen Zwecken, gegen die ausdr\u00fccklich Einspruch erhoben wird, ist untersagt. Der Domain-Name dieser Website, brunellis.com, ist ausschlie\u00dfliches Eigentum von BRUNNELLI&#8217;S, S.L., weshalb jede missbr\u00e4uchliche Nutzung der genannten Domain im Rahmen der Gesch\u00e4ftst\u00e4tigkeit eine Verletzung der durch die Registrierung verliehenen Rechte darstellt und mit den gesetzlich vorgesehenen Mitteln verfolgt wird.<\/p>\n<p>Die Nutzung der auf der Website brunellis.com enthaltenen Dienste durch den Benutzer setzt die ausdr\u00fcckliche Annahme der folgenden Bedingungen voraus,<\/p>\n<p>II.- Allgemeine Verkaufs- und Dienstleistungsbedingungen:<\/p>\n<p>a.- ZIEL:<\/p>\n<p>Der Benutzer muss die vorliegenden Allgemeinen Nutzungsbedingungen dieses Webportals lesen. Die Nutzung oder der Zugang zu dieser Website setzt die Kenntnis und die volle Akzeptanz der unten aufgef\u00fchrten rechtlichen Hinweise und Bedingungen voraus. Wenn Sie mit ihnen nicht einverstanden sind, benutzen Sie diese Website bitte nicht. Die vorliegenden allgemeinen Bedingungen (im Folgenden &#8220;Allgemeine Bedingungen&#8221;) regeln die Nutzung aller Dienstleistungen des Portals brunellis.com, einer Website, die von BRUNNELLI&#8217;S, S.L. erstellt wurde und deren Eigent\u00fcmerin sie ist:<\/p>\n<p>Durch die blo\u00dfe Nutzung dieser Website erkl\u00e4rt sich der Benutzer mit den vorliegenden Bedingungen, die von BRUNNELLI&#8217;S, S.L. jederzeit ge\u00e4ndert werden k\u00f6nnen, voll und uneingeschr\u00e4nkt einverstanden. Der Benutzer unterliegt auch allen besonderen Bedingungen, Hinweisen oder Anweisungen, die ihm in Bezug auf bestimmte Inhalte oder Dienstleistungen zur Kenntnis gebracht werden und die die Bestimmungen der vorliegenden Allgemeinen Bedingungen erg\u00e4nzen.<\/p>\n<\/div>\n<p>b.- M\u00fcndigkeit:<\/p>\n<p>Der Nutzer und\/oder Verbraucher erkl\u00e4rt, dass er vollj\u00e4hrig ist (\u00fcber 18 Jahre) und \u00fcber die erforderliche Gesch\u00e4ftsf\u00e4higkeit verf\u00fcgt, um die vom Anbieter auf der Website brunellis.com angebotenen Dienste in Anspruch zu nehmen. Er erkl\u00e4rt au\u00dferdem, dass er sich an den vorliegenden Vertrag bindet und die hierin festgelegten Bedingungen f\u00fcr die Nutzung dieser Website und die Inanspruchnahme der angebotenen Dienste versteht und vollst\u00e4ndig akzeptiert.<\/p>\n<p>c.- NUTZUNG DURCH DEN BENUTZER:<\/p>\n<p>Der Benutzer verpflichtet sich, das Portal und die Dienstleistungen in \u00dcbereinstimmung mit dem Gesetz und den vorliegenden Allgemeinen Bedingungen sowie mit den guten Sitten und der \u00f6ffentlichen Ordnung zu nutzen. Er wird es daher unterlassen, das Portal oder seine Dienste f\u00fcr unerlaubte Zwecke zu nutzen, die gegen die vorliegenden Allgemeinen Bedingungen versto\u00dfen oder die Rechte und Interessen Dritter verletzen oder sie in irgendeiner Weise besch\u00e4digen oder unbrauchbar machen k\u00f6nnten. Gleicherma\u00dfen und ohne vorherige ausdr\u00fcckliche Erlaubnis von BRUNNELLI&#8217;S, S.L. wird der Benutzer es unterlassen, jede Art von Inhalt, sei es Text, Grafik, Zeichnungen, Tondateien, Bilder oder Fotografien, Videos, Software und im Allgemeinen jede Art von Material, das \u00fcber das Portal oder die Dienstleistungen zug\u00e4nglich ist, mit anderen Mitteln als den zu diesem Zweck zur Verf\u00fcgung gestellten oder den \u00fcblicherweise zu diesem Zweck im Internet verwendeten zu erhalten oder zu erhalten versuchen.<\/p>\n<p>d.- FREIER CHARAKTER DER DIENSTE:<\/p>\n<p>Dieses Webportal ist \u00fcber die Adresse brunellis.com zug\u00e4nglich, und seine Nutzung durch den Benutzer ist kostenlos, d.h. seine Darstellung erfordert keinerlei Abonnement oder Registrierung. Die Inanspruchnahme bestimmter Dienstleistungen oder Produkte kann jedoch die Registrierung des Nutzers auf der Website und die vorherige Annahme bestimmter spezifischer Bedingungen erfordern, die die vorliegenden Allgemeinen Gesch\u00e4ftsbedingungen erg\u00e4nzen und erg\u00e4nzen.<\/p>\n<p>e.- ANWENDBARES RECHT UND GERICHTSSTAND:<\/p>\n<p>Der Nutzer bzw. Verbraucher erkl\u00e4rt sich damit einverstanden, dass die auf den Betrieb dieses Dienstes anwendbare Gesetzgebung die spanische ist, da dies der Ort der st\u00e4ndigen Niederlassung des Dienstanbieters ist. Daher werden die hier angebotenen Dienste in \u00dcbereinstimmung mit den Bestimmungen des Gesetzes 34\/2002 vom 11. Juli \u00fcber die Dienste der Informationsgesellschaft und den elektronischen Handel sowie allen anderen diesbez\u00fcglichen Vorschriften geregelt.<\/p>\n<p>Ebenso sind die Richter und Gerichte am Sitz des Dienstanbieters, d.h. in Puerto de la Cruz, f\u00fcr alle Streitigkeiten zust\u00e4ndig, die sich aus der Auslegung der vorliegenden Bedingungen ergeben oder ableiten.<\/p>\n<p>f.- DATENSCHUTZPOLITIK:<\/p>\n<p>Der Benutzer und\/oder Verbraucher, um die verschiedenen von BRUNNELLI&#8217;S, S.L. angebotenen Dienstleistungen in Anspruch zu nehmen, um die verschiedenen von BRUNNELLI&#8217;S, S.L. angebotenen Dienstleistungen in Anspruch nehmen zu k\u00f6nnen, sowie um die Newsletter des Restaurants zu erhalten, muss der Benutzer und\/oder Verbraucher die geforderten Daten als Kunde registrieren, wobei er erkl\u00e4rt, dass alle bei der Registrierung angegebenen Informationen wahrheitsgetreu, vollst\u00e4ndig und genau sind. Gem\u00e4\u00df dem K\u00f6niglichen Erlass 1720\/2007 vom 21. Dezember, der die Verordnung zur Entwicklung des Gesetzes 15\/1999 \u00fcber den Schutz personenbezogener Daten genehmigt, erm\u00e4chtigt die Person, die sich registriert, brunellis.com ausdr\u00fccklich dazu, die in den Formularfeldern enthaltenen personenbezogenen Daten in eine automatisierte Datei aufzunehmen, die f\u00fcr die ordnungsgem\u00e4\u00dfe Erbringung der Dienstleistungen erforderlich ist. Es wird darauf hingewiesen, dass der Verantwortliche f\u00fcr die Datei die Handelsgesellschaft BRUNNELLI&#8217;S, S.L. ist, deren Daten zu Beginn dieser Allgemeinen Verkaufsbedingungen angegeben wurden, um die im Gesetz vorgesehenen Rechte auf Zugang, Berichtigung, L\u00f6schung und Widerspruch auszu\u00fcben. Ebenso ist die Weitergabe dieser Daten an Dritte ausdr\u00fccklich gestattet, wenn dies f\u00fcr die ordnungsgem\u00e4\u00dfe Erbringung der vertraglich vereinbarten Leistungen erforderlich ist, wobei die geltenden gesetzlichen Bestimmungen jederzeit einzuhalten sind.<\/p>\n<p>g.- ZUSTIMMUNG ZUM ERHALT ELEKTRONISCHER NACHRICHTEN:<\/p>\n<p>Der Benutzer gibt sein ausdr\u00fcckliches Einverst\u00e4ndnis, elektronische Mitteilungen mit Werbung und kommerziellen Nachrichten von BRUNNELLI&#8217;S, S.L. und den von ihr vermarkteten oder beworbenen Produkten oder Dienstleistungen zu erhalten. In jedem Fall stellt BRUNNELLI&#8217;S, S.L. den Nutzern und Empf\u00e4ngern die in diesen Verkaufsbedingungen genannten Kontaktm\u00f6glichkeiten zur Verf\u00fcgung, so dass sie jederzeit ihre Zustimmung widerrufen und sich der Verarbeitung ihrer Daten zu Werbezwecken widersetzen k\u00f6nnen, indem sie an die E-Mail-Adresse info@brunellis.com oder an die Postanschrift C\/ P\u00e9rez de Rozas, 13, piso 5\u00ba, derecha, 38003 &#8211; Santa Cruz de Tenerife schreiben, wobei sie sich zu diesem Zweck ausweisen m\u00fcssen.<\/p>\n<\/div>\n<p>h.- WAHRHEIT DER INFORMATIONEN UND AUSSCHLUSS DER VERANTWORTLICHKEIT:<\/p>\n<p>Alle Informationen \u00fcber Produkte, Dienstleistungen und Preise, die auf unserer Website angeboten werden, werden in einer klaren und genauen Art und Weise zur Verf\u00fcgung gestellt. BRUNNELLI&#8217;S, S.L. unternimmt im Rahmen seiner M\u00f6glichkeiten die notwendigen Anstrengungen, um die auf der Seite enthaltenen Informationen wahrheitsgem\u00e4\u00df und ohne Druckfehler anzubieten. Im Falle eines typografischen oder grafischen Fehlers oder eines anderen Fehlers dieser Art, der au\u00dferhalb der Kontrolle von BRUNNELLI&#8217;S, S.L. liegt, wird BRUNNELLI&#8217;S, S.L. diesen unverz\u00fcglich korrigieren, und BRUNNELLI&#8217;S, S.L. lehnt jegliche Haftung aus diesem Grund ab.<\/p>\n<p>Ausschluss der Haftung:<\/p>\n<p>h.1.- F\u00fcr den Inhalt und den Betrieb des Portals:<\/p>\n<p>BRUNNELLI&#8217;S, S.L. garantiert nicht die Verf\u00fcgbarkeit und Kontinuit\u00e4t des Betriebs des Portals, seiner Dienstleistungen und seiner Inhalte. Wenn m\u00f6glich, wird BRUNNELLI&#8217;S, S.L. jede Unterbrechung der Funktion des Portals vorher ank\u00fcndigen. BRUNNELLI&#8217;S, S.L. haftet nicht f\u00fcr Sch\u00e4den jeglicher Art, die auf die mangelnde Verf\u00fcgbarkeit oder Kontinuit\u00e4t des Portals oder einer seiner Dienstleistungen zur\u00fcckzuf\u00fchren sind, oder f\u00fcr St\u00f6rungen beim Zugang zu den verschiedenen Webseiten des Portals oder denjenigen, von denen aus bestimmte Dienstleistungen angeboten werden.<\/p>\n<p>h.2.- F\u00fcr die Nutzung des Portals und der Dienstleistungen durch die Benutzer:<\/p>\n<p>BRUNNELLI&#8217;S, S.L. ist nicht verpflichtet und kontrolliert nicht die Nutzung des Portals und seiner Dienstleistungen durch die Nutzer und garantiert daher nicht, dass die Nutzung durch die Nutzer in \u00dcbereinstimmung mit dem Gesetz, den vorliegenden Allgemeinen Bedingungen und gegebenenfalls anderen besonderen Bedingungen erfolgt. BRUNNELLI&#8217;S, S.L. haftet nicht f\u00fcr Sch\u00e4den jeglicher Art, die auf eine falsche, unangemessene oder unzureichende Nutzung des Portals oder seiner Dienste durch die Nutzer zur\u00fcckzuf\u00fchren sind.<\/p>\n<div class=\"inner_wrapper\">\n<div class=\"sidebar_content full_width\">\n<p>h.3.- Eigene Inhalte:<\/p>\n<p>Die Inhalte aller Art, die in den Webseiten des Portals enthalten sind, werden von BRUNNELLI&#8217;S, S.L. nach bestem Wissen und Gewissen mit Informationen aus internen Quellen (eigene Ausarbeitung) und externen Quellen des Unternehmens bereitgestellt. Aufgrund dieses Umstandes und der gro\u00dfen Menge an zug\u00e4nglichen Informationen \u00fcbernimmt BRUNNELLI&#8217;S, S.L. keine Garantie f\u00fcr die vollst\u00e4ndige Richtigkeit oder Aktualisierung der verf\u00fcgbaren Daten oder Texte, obwohl sie sich nach Kr\u00e4ften darum bem\u00fcht. BRUNNELLI&#8217;S, S.L. garantiert nicht die N\u00fctzlichkeit des Portals oder seiner Dienstleistungen f\u00fcr eine bestimmte T\u00e4tigkeit oder die Eignung der auf seinen Webseiten enthaltenen Inhalte f\u00fcr einen bestimmten Zweck, so dass sowohl der Zugang zu den Seiten als auch die Nutzung der Informationen, Inhalte und Dienstleistungen in der alleinigen und ausschlie\u00dflichen Verantwortung des Benutzers liegen. BRUNNELLI&#8217;S, S.L. weist darauf hin, dass die Bilder, die auf dem Portal erscheinen, indikativ sind und keine vertragliche Verpflichtung implizieren, dass die Informationen, die Pr\u00e4sentation und die Dienstleistungen, die auf dieser Seite angeboten werden, periodischen oder gelegentlichen \u00c4nderungen unterliegen k\u00f6nnen, die von BRUNNELLI&#8217;S, S.L. frei vorgenommen werden k\u00f6nnen, ohne dass eine Verpflichtung besteht, die Benutzer zu informieren.<\/p>\n<p>h.4.- Inhalte von Dritten:<\/p>\n<p>Die Informationen, sowohl eigene als auch die von Dritten, die auf der Website siampark.net erscheinen, werden ohne jegliche Garantie f\u00fcr ihre Richtigkeit und Aktualisierung zur Verf\u00fcgung gestellt, daher ist BRUNNELLI&#8217;S, S.L. in keiner Weise verantwortlich, weder direkt noch subsidi\u00e4r, f\u00fcr Inhalte, Informationen, Mitteilungen, Meinungen oder Aussagen jeglicher Art, die ihren Ursprung im Nutzer oder einer dritten Person oder Einrichtung haben und die \u00fcber die Dienste des Portals mitgeteilt, verbreitet, \u00fcbertragen oder angezeigt werden.<\/p>\n<p>h.5.- Irrt\u00fcmer<\/p>\n<p>In diesem Zusammenhang k\u00f6nnen die ver\u00f6ffentlichten Dokumente technische Unstimmigkeiten oder unbeabsichtigte Druckfehler enthalten, f\u00fcr die BRUNNELLI&#8217;S, S.L. nicht verantwortlich gemacht werden kann. In jedem Fall entschuldigen wir uns f\u00fcr solche Fehler und verpflichten uns, sie so schnell wie m\u00f6glich zu korrigieren.<\/p>\n<p>i.- SICHERHEIT:<\/p>\n<p>BRUNNELLI&#8217;S, S.L. bem\u00fcht sich nach besten Kr\u00e4ften, \u00fcber die gesetzlich vorgeschriebenen Sicherheitssysteme zu verf\u00fcgen, um den Zugriff auf unsere Datenbanken durch Dritte zu verhindern. Daher wird das Senden und Weiterleiten von Daten, die der Benutzer \u00fcber unsere Website macht, oder die Informationen, die er sendet, durch elektronische Sicherheitstechniken im Netz gesch\u00fctzt, um die Geheimhaltung der Kommunikation der Benutzer sowie ein angemessenes Schutzniveau der pers\u00f6nlichen Daten zu gew\u00e4hrleisten.<\/p>\n<p>j.- COOKIES:<\/p>\n<p>BRUNNELLI&#8217;S, S.L. verwendet Cookies, wenn ein Benutzer die Websites und Webseiten des Portals durchsucht. Der Zweck der Verwendung von Cookies ist es, den Benutzer zu identifizieren, den Weg des Benutzers w\u00e4hrend des Besuchs zu verfolgen und ihn besser kennenzulernen, um den angebotenen Service zu beschleunigen. Cookies werden nur mit einem anonymen Benutzer in Verbindung gebracht und erm\u00f6glichen keinen Zugriff auf pers\u00f6nliche Daten oder Daten auf der Festplatte des Computers des Benutzers. Die meisten Browser akzeptieren Cookies automatisch, aber die Nutzer k\u00f6nnen ihren Browser so konfigurieren, dass er sie \u00fcber den Erhalt von Cookies informiert oder sie nicht akzeptiert, ohne dass dies den Zugang zu den Webseiten des Portals unm\u00f6glich macht.<\/p>\n<p>k.- KENNTNIS UND AKZEPTANZ:<\/p>\n<p>Die Inanspruchnahme einer der auf unserer Website angebotenen Dienstleistungen setzt die Kenntnis und die ausdr\u00fcckliche Annahme der vorliegenden Bedingungen voraus. Das Dokument, in dem die m\u00f6glichen Vertr\u00e4ge formalisiert werden, wird in einer nur f\u00fcr BRUNNELLI&#8217;S, S.L. zug\u00e4nglichen Datenbank gespeichert, gem\u00e4\u00df den Bedingungen, die im Abschnitt &#8220;Datenschutz&#8221; der Nutzungsbedingungen dieser Website aufgef\u00fchrt sind. Ebenso kann der Kunde und\/oder Nutzer eventuelle Fehler bei der Eingabe von Daten feststellen und korrigieren, indem er BRUNNELLI&#8217;S, S.L. dar\u00fcber informiert, wie in der Klausel &#8220;Datenschutz&#8221; angegeben.<\/p>\n<p>l.- NICHTIGKEIT:<\/p>\n<p>Sollte eine in den vorliegenden allgemeinen Bedingungen enthaltene Klausel ganz oder teilweise f\u00fcr nichtig oder unwirksam erkl\u00e4rt werden, so betrifft diese Nichtigkeit oder Unwirksamkeit nur die besagte Bestimmung oder den Teil derselben, der nichtig oder unwirksam ist, w\u00e4hrend die allgemeinen Bedingungen im \u00dcbrigen bestehen bleiben, wobei die besagte Bestimmung oder der Teil derselben, der davon betroffen ist, als nicht in Kraft befindlich betrachtet wird.<\/p>\n<p>&nbsp;<\/p>\n<p>&nbsp;<\/p>\n<\/div>\n<\/div>\n","protected":false},"excerpt":{"rendered":"<p>Rechtlicher Hinweis Die Internetdomain Brunellis.com ist Eigentum der Handelsgesellschaft &#8220;BRUNNELLI&#8217;S, S.L.&#8221;, eingetragen im Registro Mercantil de Santa Cruz de Tenerife, Blatt TF-64321, mit Adresse in Calle P\u00e9rez de Rozas, 13, piso 5\u00ba, derecha, 38003 &#8211; Santa Cruz de Tenerife, Spanien. Mercantil de Santa Cruz de Tenerife, Blatt TF-64321, mit Adresse in Calle P\u00e9rez de Rozas, [&hellip;]<\/p>\n","protected":false},"author":1,"featured_media":0,"parent":0,"menu_order":0,"comment_status":"closed","ping_status":"closed","template":"","meta":{"footnotes":""},"class_list":["post-1053","page","type-page","status-publish","hentry"],"yoast_head":"<!-- This site is optimized with the Yoast SEO plugin v25.8 - https:\/\/yoast.com\/wordpress\/plugins\/seo\/ -->\n<title>Rechtlicher Hinweis &#8226; Grill Brunelli&#039;s Steakhouse American Style<\/title>\n<meta name=\"description\" content=\"El mejor Steakhouse a este lado del Atl\u00e1ntico en el Puerto de la Cruz, con la mejor selecci\u00f3n de carnes para llevar a su mesa el m\u00e1s delicioso steak a su gusto.\" \/>\n<meta name=\"robots\" content=\"noindex, nofollow\" \/>\n<meta property=\"og:locale\" content=\"de_DE\" \/>\n<meta property=\"og:type\" content=\"article\" \/>\n<meta property=\"og:title\" content=\"Rechtlicher Hinweis &#8226; Grill Brunelli&#039;s Steakhouse American Style\" \/>\n<meta property=\"og:description\" content=\"El mejor Steakhouse a este lado del Atl\u00e1ntico en el Puerto de la Cruz, con la mejor selecci\u00f3n de carnes para llevar a su mesa el m\u00e1s delicioso steak a su gusto.\" \/>\n<meta property=\"og:url\" content=\"https:\/\/brunellis.com\/de\/rechtlicher-hinweis\/\" \/>\n<meta property=\"og:site_name\" content=\"Grill Brunelli&#039;s Steakhouse American Style\" \/>\n<meta property=\"article:publisher\" content=\"https:\/\/www.facebook.com\/brunellissteakhouse\/\" \/>\n<meta property=\"article:modified_time\" content=\"2023-06-23T10:22:55+00:00\" \/>\n<meta property=\"og:image\" content=\"https:\/\/brunellis.com\/app\/uploads\/2023\/06\/brunellis-2.png\" \/>\n\t<meta property=\"og:image:width\" content=\"900\" \/>\n\t<meta property=\"og:image:height\" content=\"378\" \/>\n\t<meta property=\"og:image:type\" content=\"image\/png\" \/>\n<meta name=\"twitter:card\" content=\"summary_large_image\" \/>\n<meta name=\"twitter:site\" content=\"@brunellissteak\" \/>\n<meta name=\"twitter:label1\" content=\"Est. reading time\" \/>\n\t<meta name=\"twitter:data1\" content=\"9 minutes\" \/>\n<script type=\"application\/ld+json\" class=\"yoast-schema-graph\">{\"@context\":\"https:\/\/schema.org\",\"@graph\":[{\"@type\":\"WebPage\",\"@id\":\"https:\/\/brunellis.com\/de\/rechtlicher-hinweis\/\",\"url\":\"https:\/\/brunellis.com\/de\/rechtlicher-hinweis\/\",\"name\":\"Rechtlicher Hinweis &#8226; Grill Brunelli&#039;s Steakhouse American Style\",\"isPartOf\":{\"@id\":\"https:\/\/brunellis.com\/#website\"},\"datePublished\":\"2023-04-05T10:01:14+00:00\",\"dateModified\":\"2023-06-23T10:22:55+00:00\",\"description\":\"El mejor Steakhouse a este lado del Atl\u00e1ntico en el Puerto de la Cruz, con la mejor selecci\u00f3n de carnes para llevar a su mesa el m\u00e1s delicioso steak a su gusto.\",\"inLanguage\":\"de-DE\",\"potentialAction\":[{\"@type\":\"ReadAction\",\"target\":[\"https:\/\/brunellis.com\/de\/rechtlicher-hinweis\/\"]}]},{\"@type\":\"WebSite\",\"@id\":\"https:\/\/brunellis.com\/#website\",\"url\":\"https:\/\/brunellis.com\/\",\"name\":\"Grill Brunelli&#039;s Steakhouse American Style\",\"description\":\"El mejor steakhouse a este lado del Atl\u00e1ntico en el Puerto de la Cruz, Tenerife.\",\"publisher\":{\"@id\":\"https:\/\/brunellis.com\/#organization\"},\"potentialAction\":[{\"@type\":\"SearchAction\",\"target\":{\"@type\":\"EntryPoint\",\"urlTemplate\":\"https:\/\/brunellis.com\/?s={search_term_string}\"},\"query-input\":{\"@type\":\"PropertyValueSpecification\",\"valueRequired\":true,\"valueName\":\"search_term_string\"}}],\"inLanguage\":\"de-DE\"},{\"@type\":\"Organization\",\"@id\":\"https:\/\/brunellis.com\/#organization\",\"name\":\"Brunelli's SteakHouse\",\"url\":\"https:\/\/brunellis.com\/\",\"logo\":{\"@type\":\"ImageObject\",\"inLanguage\":\"de-DE\",\"@id\":\"https:\/\/brunellis.com\/#\/schema\/logo\/image\/\",\"url\":\"https:\/\/brunellis.com\/app\/uploads\/2023\/03\/brunellis-1.png\",\"contentUrl\":\"https:\/\/brunellis.com\/app\/uploads\/2023\/03\/brunellis-1.png\",\"width\":250,\"height\":319,\"caption\":\"Brunelli's SteakHouse\"},\"image\":{\"@id\":\"https:\/\/brunellis.com\/#\/schema\/logo\/image\/\"},\"sameAs\":[\"https:\/\/www.facebook.com\/brunellissteakhouse\/\",\"https:\/\/x.com\/brunellissteak\",\"https:\/\/www.instagram.com\/brunellissteakhouse\/\"]}]}<\/script>\n<!-- \/ Yoast SEO plugin. -->","yoast_head_json":{"title":"Rechtlicher Hinweis &#8226; Grill Brunelli&#039;s Steakhouse American Style","description":"El mejor Steakhouse a este lado del Atl\u00e1ntico en el Puerto de la Cruz, con la mejor selecci\u00f3n de carnes para llevar a su mesa el m\u00e1s delicioso steak a su gusto.","robots":{"index":"noindex","follow":"nofollow"},"og_locale":"de_DE","og_type":"article","og_title":"Rechtlicher Hinweis &#8226; Grill Brunelli&#039;s Steakhouse American Style","og_description":"El mejor Steakhouse a este lado del Atl\u00e1ntico en el Puerto de la Cruz, con la mejor selecci\u00f3n de carnes para llevar a su mesa el m\u00e1s delicioso steak a su gusto.","og_url":"https:\/\/brunellis.com\/de\/rechtlicher-hinweis\/","og_site_name":"Grill Brunelli&#039;s Steakhouse American Style","article_publisher":"https:\/\/www.facebook.com\/brunellissteakhouse\/","article_modified_time":"2023-06-23T10:22:55+00:00","og_image":[{"width":900,"height":378,"url":"https:\/\/brunellis.com\/app\/uploads\/2023\/06\/brunellis-2.png","type":"image\/png"}],"twitter_card":"summary_large_image","twitter_site":"@brunellissteak","twitter_misc":{"Est. reading time":"9 minutes"},"schema":{"@context":"https:\/\/schema.org","@graph":[{"@type":"WebPage","@id":"https:\/\/brunellis.com\/de\/rechtlicher-hinweis\/","url":"https:\/\/brunellis.com\/de\/rechtlicher-hinweis\/","name":"Rechtlicher Hinweis &#8226; Grill Brunelli&#039;s Steakhouse American Style","isPartOf":{"@id":"https:\/\/brunellis.com\/#website"},"datePublished":"2023-04-05T10:01:14+00:00","dateModified":"2023-06-23T10:22:55+00:00","description":"El mejor Steakhouse a este lado del Atl\u00e1ntico en el Puerto de la Cruz, con la mejor selecci\u00f3n de carnes para llevar a su mesa el m\u00e1s delicioso steak a su gusto.","inLanguage":"de-DE","potentialAction":[{"@type":"ReadAction","target":["https:\/\/brunellis.com\/de\/rechtlicher-hinweis\/"]}]},{"@type":"WebSite","@id":"https:\/\/brunellis.com\/#website","url":"https:\/\/brunellis.com\/","name":"Grill Brunelli&#039;s Steakhouse American Style","description":"El mejor steakhouse a este lado del Atl\u00e1ntico en el Puerto de la Cruz, Tenerife.","publisher":{"@id":"https:\/\/brunellis.com\/#organization"},"potentialAction":[{"@type":"SearchAction","target":{"@type":"EntryPoint","urlTemplate":"https:\/\/brunellis.com\/?s={search_term_string}"},"query-input":{"@type":"PropertyValueSpecification","valueRequired":true,"valueName":"search_term_string"}}],"inLanguage":"de-DE"},{"@type":"Organization","@id":"https:\/\/brunellis.com\/#organization","name":"Brunelli's SteakHouse","url":"https:\/\/brunellis.com\/","logo":{"@type":"ImageObject","inLanguage":"de-DE","@id":"https:\/\/brunellis.com\/#\/schema\/logo\/image\/","url":"https:\/\/brunellis.com\/app\/uploads\/2023\/03\/brunellis-1.png","contentUrl":"https:\/\/brunellis.com\/app\/uploads\/2023\/03\/brunellis-1.png","width":250,"height":319,"caption":"Brunelli's SteakHouse"},"image":{"@id":"https:\/\/brunellis.com\/#\/schema\/logo\/image\/"},"sameAs":["https:\/\/www.facebook.com\/brunellissteakhouse\/","https:\/\/x.com\/brunellissteak","https:\/\/www.instagram.com\/brunellissteakhouse\/"]}]}},"_links":{"self":[{"href":"https:\/\/brunellis.com\/de\/wp-json\/wp\/v2\/pages\/1053","targetHints":{"allow":["GET"]}}],"collection":[{"href":"https:\/\/brunellis.com\/de\/wp-json\/wp\/v2\/pages"}],"about":[{"href":"https:\/\/brunellis.com\/de\/wp-json\/wp\/v2\/types\/page"}],"author":[{"embeddable":true,"href":"https:\/\/brunellis.com\/de\/wp-json\/wp\/v2\/users\/1"}],"replies":[{"embeddable":true,"href":"https:\/\/brunellis.com\/de\/wp-json\/wp\/v2\/comments?post=1053"}],"version-history":[{"count":3,"href":"https:\/\/brunellis.com\/de\/wp-json\/wp\/v2\/pages\/1053\/revisions"}],"predecessor-version":[{"id":1056,"href":"https:\/\/brunellis.com\/de\/wp-json\/wp\/v2\/pages\/1053\/revisions\/1056"}],"wp:attachment":[{"href":"https:\/\/brunellis.com\/de\/wp-json\/wp\/v2\/media?parent=1053"}],"curies":[{"name":"wp","href":"https:\/\/api.w.org\/{rel}","templated":true}]}}